{"id":11,"date":"2018-05-04T11:57:34","date_gmt":"2018-05-04T11:57:34","guid":{"rendered":"http:\/\/jinyong.digitalpixels.co\/?page_id=11"},"modified":"2024-12-11T03:31:28","modified_gmt":"2024-12-11T03:31:28","slug":"about-us","status":"publish","type":"page","link":"https:\/\/www.hbjinyong.com\/de\/about-us\/","title":{"rendered":"\u00dcber uns"},"content":{"rendered":"<div id=\"aboutIntro\" class=\"paddTop60 paddBottom55\">\n<div class=\"container\">\n<div class=\"row cust-row\">\n<div class=\"col-sm-6 paddBottom80\"><div id=\"custom_html-11\" class=\"widget_text widget-container widget_custom_html\"><div class=\"textwidget custom-html-widget\"><ul class=\"aboutSlider\">\r\n<li class=\"slide\"><img decoding=\"async\" src=\"\/wp-content\/uploads\/2018\/05\/about-img.jpg\" alt=\"\"><\/li>\r\n<li class=\"slide\"><img decoding=\"async\" src=\"\/wp-content\/uploads\/2018\/06\/about-us-img3.jpg\" alt=\"\"><\/li>\r\n<li class=\"slide\"><img decoding=\"async\" src=\"\/wp-content\/uploads\/2018\/06\/about-us-img4.jpg\" alt=\"\"><\/li>\r\n<\/ul><\/div><\/div><\/div>\n<div class=\"col-sm-6 paddBottom80\">\n<h1 class=\"capLet bottomSeprater paddBottom20\" style=\"margin-bottom: 25px !important;\">\u00dcber RAX Industry<\/h1>\n<div class=\"commonPoints aboutList\">\n<ul>\n<li>21 Jahre Exporterfahrung<\/li>\n<li>Strengste Qualit\u00e4tskontrolle<\/li>\n<li>Den Inspektionsstandard kennen<\/li>\n<li>Gro\u00dfe Produktionskapazit\u00e4t<\/li>\n<\/ul>\n<\/div>\n<div class=\"paddTop15\"><a class=\"fancybox-inline commonBtn blueBtn\" href=\"#contactPopUpForm\">Senden Sie uns Ihre Anfrage<\/a><\/div>\n<\/div>\n<\/div>\n<div class=\"row cust-row\">\n<div class=\"col-sm-12\">\n<h2 class=\"capLet paddBottom65\" style=\"text-align: center;\">RAX Industry ist der f\u00fchrende Hersteller von Pole Line Hardware<\/h2>\n<p>RAX Industry ist der f\u00fchrende Hersteller von Mastleitungshardware, Stra\u00dfenlaternenarmen, Stromleitungsklemmen, Aufh\u00e4ngungsklemmen und ADSS\/OPGW-Zubeh\u00f6r in China.<\/p>\n<p>RAX Industry stellt seit 21 Jahren Hochspannungsleitungshardware her und hat den Markt in vielen L\u00e4ndern erschlossen.<\/p>\n<p><b>Warum vertrauen Kunden RAX Industry?<\/b><\/p>\n<p>Das QC-Team von RAX Industry kontrolliert die Qualit\u00e4t nach strengen Standards.<\/p>\n<p>Das kreative Team von RAX Industry nutzt die Automatica-Maschine, um die Gr\u00f6\u00dfengenauigkeit zu gew\u00e4hrleisten und Ihre Lieferung p\u00fcnktlich zu liefern. Tausende halbautomatische Formen haben Produktion und Effizienz verbessert. Alle Produkte werden vor dem Verpacken zweimal gepr\u00fcft.<\/p>\n<p>Wir verf\u00fcgen \u00fcber die f\u00fchrende Technologie f\u00fcr Feuerverzinkung und kontrollieren die Fl\u00fcssigkeitstemperatur erfolgreich. Dadurch sind alle Oberfl\u00e4chen der verzinkten Mastbeschl\u00e4ge glatt und gl\u00e4nzend, ohne Rippen, Beulen oder Auslassungen.<\/p>\n<p>RAX Industry bietet OEM-Dienste an. Wenn Sie ein gutes Design oder nicht standardm\u00e4\u00dfige Mastleitungshardware haben, senden Sie uns ein Muster, eine Zeichnung, ein Foto oder einfach nur eine Idee, und unser Team wird eine neue Form erstellen, um Ihr Design Wirklichkeit werden zu lassen.<\/p>\n<p>Wir kennen den Prozess, kennen den Markt, kennen Sie. Die Zusammenarbeit mit RAX Industry ist f\u00fcr Sie unkompliziert und verursacht keine zus\u00e4tzlichen Kosten.<\/p>\n<\/div>\n<\/div>\n<\/div>\n<\/div>\n<div id=\"timeline\" class=\"paddTop50 paddBottom60\">\n<div class=\"container\">\n<div class=\"row cust-row\">\n<div class=\"col-sm-12 text-center\">\n<h2 class=\"capLet clrWhite paddBottom60\">RAX-Industriegeschichte<\/h2>\n<\/div>\n<div class=\"col-sm-12 col-lg-offset-1 col-lg-10\">\n<div class=\"time-line\"><\/div>\n<div class=\"slider time-nav\">\n<div class=\"item\">\n<div class=\"timeIcon\"><b>2006<\/b><\/div>\n<\/div>\n<div class=\"item timeUp\">\n<div class=\"timeIcon\"><b>2008<\/b><\/div>\n<\/div>\n<div class=\"item\">\n<div class=\"timeIcon\"><b>2010<\/b><\/div>\n<\/div>\n<div class=\"item timeUp\">\n<div class=\"timeIcon\"><b>2013<\/b><\/div>\n<\/div>\n<div class=\"item\">\n<div class=\"timeIcon\"><b>2015<\/b><\/div>\n<\/div>\n<div class=\"item timeUp\">\n<div class=\"timeIcon\"><b>2018<\/b><\/div>\n<\/div>\n<\/div>\n<\/div>\n<div class=\"col-sm-12 col-lg-offset-2 col-lg-8 paddTop85\">\n<div class=\"slider time-for\">\n<div class=\"item\">\n<div class=\"timeBox\">\n<div class=\"timeTitle\">Zertifikat \u201eKreative Top Ten der Jugend\u201c<\/div>\n<div class=\"timeText\">Im Jahr 2006 entwickelte der CEO, Herr Liu, auf Grundlage seiner langj\u00e4hrigen Erfahrung im Schmiedebereich die Technologie zur Herstellung von Abspannklemmen und erhielt gleichzeitig die Auszeichnung \u201eKreativster Jugendlicher\u201c. Dadurch wurde die Effizienz bei der Herstellung von Abspannseil-Hardware um das Zweifache gesteigert.<\/div>\n<\/div>\n<\/div>\n<div class=\"item\">\n<div class=\"timeBox\">\n<div class=\"timeTitle\">Feuerverzinkungstechnologie auf ein neues hohes Niveau gebracht<\/div>\n<div class=\"timeText\">Im Jahr 2008 wurde durch die Verbesserung der Feuerverzinkungstechnologie die Dicke der Verzinkung auf den ISO 1461-Standard gebracht. Die gesamte Mastbeschl\u00e4ge wurden ohne Verzinkungsprobleme in die ganze Welt exportiert.<\/div>\n<\/div>\n<\/div>\n<div class=\"item\">\n<div class=\"timeBox\">\n<div class=\"timeTitle\">Die Guy Grip Produktionslinie entstand<\/div>\n<div class=\"timeText\">Im Jahr 2010 haben wir die Produktionslinie f\u00fcr Abspannseile hinzugef\u00fcgt und seitdem hat sich der Umsatz im Jahr 2010 verdoppelt. Gleichzeitig haben wir die Laborausr\u00fcstung perfektioniert und die Regeln zur Qualit\u00e4tskontrolle versch\u00e4rft.<\/div>\n<\/div>\n<\/div>\n<div class=\"item\">\n<div class=\"timeBox\">\n<div class=\"timeTitle\">Bauen Sie das neue Lager und die Werkstatt<\/div>\n<div class=\"timeText\">Im Jahr 2013 bauten wir ein 12.000 Quadratmeter gro\u00dfes neues Lager und eine Werkstatt. Wir gewannen die Ausschreibungen in Kenia und Dominica. Und wir schlossen das Projekt in Russland erfolgreich ab.<\/div>\n<\/div>\n<\/div>\n<div class=\"item\">\n<div class=\"timeBox\">\n<div class=\"timeTitle\">Traversenautomat kommt zum Einsatz<\/div>\n<div class=\"timeText\">Im Jahr 2015 haben wir die automatische Maschine zur Herstellung des Quertr\u00e4gers verbessert. Dadurch wurde die Toleranz auf 1 mm kontrolliert. Alle alten Stanzmaschinen wurden ausgemustert. Die Produktionskapazit\u00e4t erh\u00f6hte sich um 1001 TP7T.<\/div>\n<\/div>\n<\/div>\n<div class=\"item\">\n<div class=\"timeBox\">\n<div class=\"timeTitle\">Bereitstellung von Dienstleistungen und L\u00f6sungen f\u00fcr Produktdesign und -herstellung<\/div>\n<div class=\"timeText\">Im Jahr 2018 forschte die technische Abteilung an der Entwicklung von ADSS\/OPGW-Zubeh\u00f6r. Wir versuchen, Dienstleistungen und L\u00f6sungen f\u00fcr Produktdesign und -herstellung anzubieten.<\/div>\n<\/div>\n<\/div>\n<\/div>\n<\/div>\n<\/div>\n<\/div>\n<\/div>\n<div id=\"aboutProcess\" class=\"paddTop70 paddBottom50\">\n<div class=\"container\">\n<div class=\"row cust-row\">\n<div class=\"col-sm-12 text-center\">\n<h2 class=\"capLet paddBottom55\">Hauptherstellungsprozess<\/h2>\n<\/div>\n<\/div>\n<div class=\"row cust-row\">\n<div class=\"col-sm-6 col-md-3 paddBottom35\">\n<div class=\"processBox\">\n<div class=\"proImg\"><img decoding=\"async\" class=\"img-responsive\" src=\"\/wp-content\/uploads\/2018\/05\/process-1.jpg\" alt=\"\" \/><\/div>\n<div class=\"proTitle\"><a>Besetzung<\/a><\/div>\n<\/div>\n<\/div>\n<div class=\"col-sm-6 col-md-3 paddBottom35\">\n<div class=\"processBox\">\n<div class=\"proImg\"><img decoding=\"async\" class=\"img-responsive\" src=\"\/wp-content\/uploads\/2018\/05\/process-2.jpg\" alt=\"\" \/><\/div>\n<div class=\"proTitle\"><a>Kalter Punsch<\/a><\/div>\n<\/div>\n<\/div>\n<div class=\"col-sm-6 col-md-3 paddBottom35\">\n<div class=\"processBox\">\n<div class=\"proImg\"><img decoding=\"async\" class=\"img-responsive\" src=\"\/wp-content\/uploads\/2018\/05\/process-3.jpg\" alt=\"\" \/><\/div>\n<div class=\"proTitle\"><a>Geschmiedet<\/a><\/div>\n<\/div>\n<\/div>\n<div class=\"col-sm-6 col-md-3 paddBottom35\">\n<div class=\"processBox\">\n<div class=\"proImg\"><img decoding=\"async\" class=\"img-responsive\" src=\"\/wp-content\/uploads\/2018\/05\/process-4.jpg\" alt=\"\" \/><\/div>\n<div class=\"proTitle\"><a>Schwei\u00dfen<\/a><\/div>\n<\/div>\n<\/div>\n<div class=\"col-sm-6 col-md-3 paddBottom35\">\n<div class=\"processBox\">\n<div class=\"proImg\"><img decoding=\"async\" class=\"img-responsive\" src=\"\/wp-content\/uploads\/2018\/05\/process-5.jpg\" alt=\"\" \/><\/div>\n<div class=\"proTitle\"><a>Heizung<\/a><\/div>\n<\/div>\n<\/div>\n<div class=\"col-sm-6 col-md-3 paddBottom35\">\n<div class=\"processBox\">\n<div class=\"proImg\"><img decoding=\"async\" class=\"img-responsive\" src=\"\/wp-content\/uploads\/2018\/05\/process-6.jpg\" alt=\"\" \/><\/div>\n<div class=\"proTitle\"><a>Automatische Maschine<\/a><\/div>\n<\/div>\n<\/div>\n<div class=\"col-sm-6 col-md-3 paddBottom35\">\n<div class=\"processBox\">\n<div class=\"proImg\"><img decoding=\"async\" class=\"img-responsive\" src=\"\/wp-content\/uploads\/2018\/05\/process-7.jpg\" alt=\"\" \/><\/div>\n<div class=\"proTitle\"><a>Belastungstest<\/a><\/div>\n<\/div>\n<\/div>\n<div class=\"col-sm-6 col-md-3 paddBottom35\">\n<div class=\"processBox\">\n<div class=\"proImg\"><img decoding=\"async\" class=\"img-responsive\" src=\"\/wp-content\/uploads\/2018\/05\/process-8.jpg\" alt=\"\" \/><\/div>\n<div class=\"proTitle\"><a>Verpackung<\/a><\/div>\n<\/div>\n<\/div>\n<\/div>\n<\/div>\n<\/div>\n<div id=\"customerWrapper\" class=\"paddTop55\">\n<div class=\"container\">\n<div class=\"row cust-row\">\n<div class=\"col-sm-12 text-center\">\n<h2 class=\"capLet paddBottom25\">RAX Industrie mit Kunden<\/h2>\n<\/div>\n<div class=\"col-sm-3 cust-col-5\">\n<div class=\"custBox\"><img decoding=\"async\" class=\"img-responsive\" src=\"\/wp-content\/uploads\/2018\/05\/customer-1.png\" alt=\"\" \/><\/div>\n<\/div>\n<div class=\"col-sm-3 cust-col-5\">\n<div class=\"custBox\"><img decoding=\"async\" class=\"img-responsive\" src=\"\/wp-content\/uploads\/2018\/05\/customer-2.png\" alt=\"\" \/><\/div>\n<\/div>\n<div class=\"col-sm-3 cust-col-5\">\n<div class=\"custBox\"><img decoding=\"async\" class=\"img-responsive\" src=\"\/wp-content\/uploads\/2018\/05\/customer-3.png\" alt=\"\" \/><\/div>\n<\/div>\n<div class=\"col-sm-3 cust-col-5\">\n<div class=\"custBox\"><img decoding=\"async\" class=\"img-responsive\" src=\"\/wp-content\/uploads\/2018\/05\/customer-4.png\" alt=\"\" \/><\/div>\n<\/div>\n<div class=\"col-sm-3 cust-col-5\">\n<div class=\"custBox\"><img decoding=\"async\" class=\"img-responsive\" src=\"\/wp-content\/uploads\/2018\/05\/customer-5.png\" alt=\"\" \/><\/div>\n<\/div>\n<\/div>\n<\/div>\n<\/div>\n<div class=\"paddTop40 paddBottom60 text-center\"><a class=\"fancybox-inline commonBtn blueBtn\" href=\"#contactPopUpForm\">Werden Sie unser n\u00e4chster Kunde!<\/a><\/div>","protected":false},"excerpt":{"rendered":"<p>\u00dcber RAX Industry 21 Jahre Erfahrung im Export Qualit\u00e4tskontrolle Genaue Kenntnis des Pr\u00fcfstandards Gro\u00dfe Produktionskapazit\u00e4t Senden Sie uns Ihre Anfrage RAX Industry ist der f\u00fchrende Hersteller von Mastleitungshardware RAX Industry ist der f\u00fchrende Hersteller von Mastleitungshardware, Stra\u00dfenlaternenarmen, Stromleitungsklemmen, Aufh\u00e4ngungsklemmen und ADSS\/OPGW-Zubeh\u00f6r in China. [\u2026]<\/p>","protected":false},"author":1,"featured_media":0,"parent":0,"menu_order":6,"comment_status":"closed","ping_status":"closed","template":"","meta":{"_acf_changed":false,"site-sidebar-layout":"no-sidebar","site-content-layout":"page-builder","ast-site-content-layout":"full-width-container","site-content-style":"unboxed","site-sidebar-style":"unboxed","ast-global-header-display":"","ast-banner-title-visibility":"","ast-main-header-display":"","ast-hfb-above-header-display":"","ast-hfb-below-header-display":"","ast-hfb-mobile-header-display":"","site-post-title":"disabled","ast-breadcrumbs-content":"","ast-featured-img":"disabled","footer-sml-layout":"","ast-disable-related-posts":"","theme-transparent-header-meta":"default","adv-header-id-meta":"","stick-header-meta":"default","header-above-stick-meta":"","header-main-stick-meta":"","header-below-stick-meta":"","astra-migrate-meta-layouts":"set","ast-page-background-enabled":"default","ast-page-background-meta":{"desktop":{"background-color":"","background-image":"","background-repeat":"repeat","background-position":"center center","background-size":"auto","background-attachment":"scroll","background-type":"","background-media":"","overlay-type":"","overlay-color":"","overlay-opacity":"","overlay-gradient":""},"tablet":{"background-color":"","background-image":"","background-repeat":"repeat","background-position":"center center","background-size":"auto","background-attachment":"scroll","background-type":"","background-media":"","overlay-type":"","overlay-color":"","overlay-opacity":"","overlay-gradient":""},"mobile":{"background-color":"","background-image":"","background-repeat":"repeat","background-position":"center center","background-size":"auto","background-attachment":"scroll","background-type":"","background-media":"","overlay-type":"","overlay-color":"","overlay-opacity":"","overlay-gradient":""}},"ast-content-background-meta":{"desktop":{"background-color":"var(--ast-global-color-5)","background-image":"","background-repeat":"repeat","background-position":"center center","background-size":"auto","background-attachment":"scroll","background-type":"","background-media":"","overlay-type":"","overlay-color":"","overlay-opacity":"","overlay-gradient":""},"tablet":{"background-color":"var(--ast-global-color-5)","background-image":"","background-repeat":"repeat","background-position":"center center","background-size":"auto","background-attachment":"scroll","background-type":"","background-media":"","overlay-type":"","overlay-color":"","overlay-opacity":"","overlay-gradient":""},"mobile":{"background-color":"var(--ast-global-color-5)","background-image":"","background-repeat":"repeat","background-position":"center center","background-size":"auto","background-attachment":"scroll","background-type":"","background-media":"","overlay-type":"","overlay-color":"","overlay-opacity":"","overlay-gradient":""}},"footnotes":""},"class_list":["post-11","page","type-page","status-publish","hentry"],"acf":[],"yoast_head":"<!-- This site is optimized with the Yoast SEO plugin v27.5 - https:\/\/yoast.com\/product\/yoast-seo-wordpress\/ -->\n<title>About Us - Rax Industry<\/title>\n<meta name=\"description\" content=\"RAX Industry is the leading manufacturer of pole line hardware, street light arms, transmission line clamps, suspension clamps, and ADSS\/OPGW accessories in China.\" \/>\n<meta name=\"robots\" content=\"index, follow, max-snippet:-1, max-image-preview:large, max-video-preview:-1\" \/>\n<link rel=\"canonical\" href=\"https:\/\/www.hbjinyong.com\/de\/about-us\/\" \/>\n<meta property=\"og:locale\" content=\"de_DE\" \/>\n<meta property=\"og:type\" content=\"article\" \/>\n<meta property=\"og:title\" content=\"About Us - Rax Industry\" \/>\n<meta property=\"og:description\" content=\"RAX Industry is the leading manufacturer of pole line hardware, street light arms, transmission line clamps, suspension clamps, and ADSS\/OPGW accessories in China.\" \/>\n<meta property=\"og:url\" content=\"https:\/\/www.hbjinyong.com\/de\/about-us\/\" \/>\n<meta property=\"og:site_name\" content=\"Rax Industry\" \/>\n<meta property=\"article:modified_time\" content=\"2024-12-11T03:31:28+00:00\" \/>\n<meta name=\"twitter:card\" content=\"summary_large_image\" \/>\n<meta name=\"twitter:label1\" content=\"Gesch\u00e4tzte Lesezeit\" \/>\n\t<meta name=\"twitter:data1\" content=\"5\u00a0Minuten\" \/>\n<script type=\"application\/ld+json\" class=\"yoast-schema-graph\">{\"@context\":\"https:\\\/\\\/schema.org\",\"@graph\":[{\"@type\":\"WebPage\",\"@id\":\"https:\\\/\\\/www.hbjinyong.com\\\/about-us\\\/\",\"url\":\"https:\\\/\\\/www.hbjinyong.com\\\/about-us\\\/\",\"name\":\"About Us - Rax Industry\",\"isPartOf\":{\"@id\":\"https:\\\/\\\/www.hbjinyong.com\\\/#website\"},\"datePublished\":\"2018-05-04T11:57:34+00:00\",\"dateModified\":\"2024-12-11T03:31:28+00:00\",\"description\":\"RAX Industry is the leading manufacturer of pole line hardware, street light arms, transmission line clamps, suspension clamps, and ADSS\\\/OPGW accessories in China.\",\"breadcrumb\":{\"@id\":\"https:\\\/\\\/www.hbjinyong.com\\\/about-us\\\/#breadcrumb\"},\"inLanguage\":\"de\",\"potentialAction\":[{\"@type\":\"ReadAction\",\"target\":[\"https:\\\/\\\/www.hbjinyong.com\\\/about-us\\\/\"]}]},{\"@type\":\"BreadcrumbList\",\"@id\":\"https:\\\/\\\/www.hbjinyong.com\\\/about-us\\\/#breadcrumb\",\"itemListElement\":[{\"@type\":\"ListItem\",\"position\":1,\"name\":\"Home\",\"item\":\"https:\\\/\\\/www.hbjinyong.com\\\/\"},{\"@type\":\"ListItem\",\"position\":2,\"name\":\"About Us\"}]},{\"@type\":\"WebSite\",\"@id\":\"https:\\\/\\\/www.hbjinyong.com\\\/#website\",\"url\":\"https:\\\/\\\/www.hbjinyong.com\\\/\",\"name\":\"Rax Industry\",\"description\":\"\",\"publisher\":{\"@id\":\"https:\\\/\\\/www.hbjinyong.com\\\/#organization\"},\"potentialAction\":[{\"@type\":\"SearchAction\",\"target\":{\"@type\":\"EntryPoint\",\"urlTemplate\":\"https:\\\/\\\/www.hbjinyong.com\\\/?s={search_term_string}\"},\"query-input\":{\"@type\":\"PropertyValueSpecification\",\"valueRequired\":true,\"valueName\":\"search_term_string\"}}],\"inLanguage\":\"de\"},{\"@type\":\"Organization\",\"@id\":\"https:\\\/\\\/www.hbjinyong.com\\\/#organization\",\"name\":\"Jingyoung\",\"url\":\"https:\\\/\\\/www.hbjinyong.com\\\/\",\"logo\":{\"@type\":\"ImageObject\",\"inLanguage\":\"de\",\"@id\":\"https:\\\/\\\/www.hbjinyong.com\\\/#\\\/schema\\\/logo\\\/image\\\/\",\"url\":\"\",\"contentUrl\":\"\",\"caption\":\"Jingyoung\"},\"image\":{\"@id\":\"https:\\\/\\\/www.hbjinyong.com\\\/#\\\/schema\\\/logo\\\/image\\\/\"}}]}<\/script>\n<!-- \/ Yoast SEO plugin. -->","yoast_head_json":{"title":"\u00dcber uns - Rax Industry","description":"RAX Industry ist der f\u00fchrende Hersteller von Mastleitungshardware, Stra\u00dfenlaternenarmen, Stromleitungsklemmen, Aufh\u00e4ngungsklemmen und ADSS\/OPGW-Zubeh\u00f6r in China.","robots":{"index":"index","follow":"follow","max-snippet":"max-snippet:-1","max-image-preview":"max-image-preview:large","max-video-preview":"max-video-preview:-1"},"canonical":"https:\/\/www.hbjinyong.com\/de\/about-us\/","og_locale":"de_DE","og_type":"article","og_title":"About Us - Rax Industry","og_description":"RAX Industry is the leading manufacturer of pole line hardware, street light arms, transmission line clamps, suspension clamps, and ADSS\/OPGW accessories in China.","og_url":"https:\/\/www.hbjinyong.com\/de\/about-us\/","og_site_name":"Rax Industry","article_modified_time":"2024-12-11T03:31:28+00:00","twitter_card":"summary_large_image","twitter_misc":{"Gesch\u00e4tzte Lesezeit":"5\u00a0Minuten"},"schema":{"@context":"https:\/\/schema.org","@graph":[{"@type":"WebPage","@id":"https:\/\/www.hbjinyong.com\/about-us\/","url":"https:\/\/www.hbjinyong.com\/about-us\/","name":"\u00dcber uns - Rax Industry","isPartOf":{"@id":"https:\/\/www.hbjinyong.com\/#website"},"datePublished":"2018-05-04T11:57:34+00:00","dateModified":"2024-12-11T03:31:28+00:00","description":"RAX Industry ist der f\u00fchrende Hersteller von Mastleitungshardware, Stra\u00dfenlaternenarmen, Stromleitungsklemmen, Aufh\u00e4ngungsklemmen und ADSS\/OPGW-Zubeh\u00f6r in China.","breadcrumb":{"@id":"https:\/\/www.hbjinyong.com\/about-us\/#breadcrumb"},"inLanguage":"de","potentialAction":[{"@type":"ReadAction","target":["https:\/\/www.hbjinyong.com\/about-us\/"]}]},{"@type":"BreadcrumbList","@id":"https:\/\/www.hbjinyong.com\/about-us\/#breadcrumb","itemListElement":[{"@type":"ListItem","position":1,"name":"Home","item":"https:\/\/www.hbjinyong.com\/"},{"@type":"ListItem","position":2,"name":"About Us"}]},{"@type":"WebSite","@id":"https:\/\/www.hbjinyong.com\/#website","url":"https:\/\/www.hbjinyong.com\/","name":"Rax Industry","description":"","publisher":{"@id":"https:\/\/www.hbjinyong.com\/#organization"},"potentialAction":[{"@type":"SearchAction","target":{"@type":"EntryPoint","urlTemplate":"https:\/\/www.hbjinyong.com\/?s={search_term_string}"},"query-input":{"@type":"PropertyValueSpecification","valueRequired":true,"valueName":"search_term_string"}}],"inLanguage":"de"},{"@type":"Organization","@id":"https:\/\/www.hbjinyong.com\/#organization","name":"Jingyoung","url":"https:\/\/www.hbjinyong.com\/","logo":{"@type":"ImageObject","inLanguage":"de","@id":"https:\/\/www.hbjinyong.com\/#\/schema\/logo\/image\/","url":"","contentUrl":"","caption":"Jingyoung"},"image":{"@id":"https:\/\/www.hbjinyong.com\/#\/schema\/logo\/image\/"}}]}},"_links":{"self":[{"href":"https:\/\/www.hbjinyong.com\/de\/wp-json\/wp\/v2\/pages\/11","targetHints":{"allow":["GET"]}}],"collection":[{"href":"https:\/\/www.hbjinyong.com\/de\/wp-json\/wp\/v2\/pages"}],"about":[{"href":"https:\/\/www.hbjinyong.com\/de\/wp-json\/wp\/v2\/types\/page"}],"author":[{"embeddable":true,"href":"https:\/\/www.hbjinyong.com\/de\/wp-json\/wp\/v2\/users\/1"}],"replies":[{"embeddable":true,"href":"https:\/\/www.hbjinyong.com\/de\/wp-json\/wp\/v2\/comments?post=11"}],"version-history":[{"count":0,"href":"https:\/\/www.hbjinyong.com\/de\/wp-json\/wp\/v2\/pages\/11\/revisions"}],"wp:attachment":[{"href":"https:\/\/www.hbjinyong.com\/de\/wp-json\/wp\/v2\/media?parent=11"}],"curies":[{"name":"wp","href":"https:\/\/api.w.org\/{rel}","templated":true}]}}