{"id":11,"date":"2018-05-04T11:57:34","date_gmt":"2018-05-04T11:57:34","guid":{"rendered":"http:\/\/jinyong.digitalpixels.co\/?page_id=11"},"modified":"2024-12-11T03:31:28","modified_gmt":"2024-12-11T03:31:28","slug":"about-us","status":"publish","type":"page","link":"https:\/\/www.hbjinyong.com\/es\/about-us\/","title":{"rendered":"Sobre nosotros"},"content":{"rendered":"<div id=\"aboutIntro\" class=\"paddTop60 paddBottom55\">\n<div class=\"container\">\n<div class=\"row cust-row\">\n<div class=\"col-sm-6 paddBottom80\"><div id=\"custom_html-11\" class=\"widget_text widget-container widget_custom_html\"><div class=\"textwidget custom-html-widget\"><ul class=\"aboutSlider\">\r\n<li class=\"slide\"><img decoding=\"async\" src=\"\/wp-content\/uploads\/2018\/05\/about-img.jpg\" alt=\"\"><\/li>\r\n<li class=\"slide\"><img decoding=\"async\" src=\"\/wp-content\/uploads\/2018\/06\/about-us-img3.jpg\" alt=\"\"><\/li>\r\n<li class=\"slide\"><img decoding=\"async\" src=\"\/wp-content\/uploads\/2018\/06\/about-us-img4.jpg\" alt=\"\"><\/li>\r\n<\/ul><\/div><\/div><\/div>\n<div class=\"col-sm-6 paddBottom80\">\n<h1 class=\"capLet bottomSeprater paddBottom20\" style=\"margin-bottom: 25px !important;\">Acerca de RAX Industry<\/h1>\n<div class=\"commonPoints aboutList\">\n<ul>\n<li>21 a\u00f1os de experiencia en exportaci\u00f3n<\/li>\n<li>Control de calidad estricto<\/li>\n<li>Conozca el est\u00e1ndar de inspecci\u00f3n<\/li>\n<li>Gran capacidad de producci\u00f3n<\/li>\n<\/ul>\n<\/div>\n<div class=\"paddTop15\"><a class=\"fancybox-inline commonBtn blueBtn\" href=\"#contactPopUpForm\">Env\u00edenos su consulta<\/a><\/div>\n<\/div>\n<\/div>\n<div class=\"row cust-row\">\n<div class=\"col-sm-12\">\n<h2 class=\"capLet paddBottom65\" style=\"text-align: center;\">RAX Industry es el fabricante l\u00edder de herrajes para l\u00edneas de postes<\/h2>\n<p>RAX Industry es el fabricante l\u00edder de herrajes para l\u00edneas de postes, brazos de alumbrado p\u00fablico, abrazaderas para l\u00edneas de transmisi\u00f3n, abrazaderas de suspensi\u00f3n y accesorios ADSS\/OPGW en China.<\/p>\n<p>RAX Industry ha estado fabricando herrajes para l\u00edneas de postes durante 21 a\u00f1os y ha abierto el mercado en muchos pa\u00edses.<\/p>\n<p><b>\u00bfPor qu\u00e9 los clientes conf\u00edan en RAX Industry?<\/b><\/p>\n<p>El equipo de control de calidad de RAX Industry controla la calidad con est\u00e1ndares estrictos.<\/p>\n<p>El equipo creativo de RAX Industry ha utilizado la m\u00e1quina Automatica para mantener la precisi\u00f3n de las medidas y la puntualidad de las entregas. Miles de moldes semiautom\u00e1ticos han mejorado la producci\u00f3n y la eficiencia. Todos los productos se revisan dos veces antes de envasarlos.<\/p>\n<p>Contamos con la tecnolog\u00eda m\u00e1s avanzada en galvanizado por inmersi\u00f3n en caliente y controlamos con \u00e9xito la temperatura del l\u00edquido. De esta manera, todas las superficies de los herrajes de la l\u00ednea de postes galvanizados quedan lisas y brillantes, sin nervaduras, sin grumos y sin omisiones.<\/p>\n<p>RAX Industry ofrece servicios OEM, si tiene un buen dise\u00f1o o hardware de l\u00ednea de postes no est\u00e1ndar, env\u00edenos una muestra, un dibujo, una foto o simplemente una idea, y nuestro equipo har\u00e1 un nuevo molde para hacer realidad su dise\u00f1o.<\/p>\n<p>Conocemos el proceso, conocemos el mercado y lo conocemos a usted. Trabajar con RAX Industry no le supondr\u00e1 ning\u00fan problema ni costo adicional.<\/p>\n<\/div>\n<\/div>\n<\/div>\n<\/div>\n<div id=\"timeline\" class=\"paddTop50 paddBottom60\">\n<div class=\"container\">\n<div class=\"row cust-row\">\n<div class=\"col-sm-12 text-center\">\n<h2 class=\"capLet clrWhite paddBottom60\">Historia de la industria RAX<\/h2>\n<\/div>\n<div class=\"col-sm-12 col-lg-offset-1 col-lg-10\">\n<div class=\"time-line\"><\/div>\n<div class=\"slider time-nav\">\n<div class=\"item\">\n<div class=\"timeIcon\"><b>2006<\/b><\/div>\n<\/div>\n<div class=\"item timeUp\">\n<div class=\"timeIcon\"><b>2008<\/b><\/div>\n<\/div>\n<div class=\"item\">\n<div class=\"timeIcon\"><b>2010<\/b><\/div>\n<\/div>\n<div class=\"item timeUp\">\n<div class=\"timeIcon\"><b>2013<\/b><\/div>\n<\/div>\n<div class=\"item\">\n<div class=\"timeIcon\"><b>2015<\/b><\/div>\n<\/div>\n<div class=\"item timeUp\">\n<div class=\"timeIcon\"><b>2018<\/b><\/div>\n<\/div>\n<\/div>\n<\/div>\n<div class=\"col-sm-12 col-lg-offset-2 col-lg-8 paddTop85\">\n<div class=\"slider time-for\">\n<div class=\"item\">\n<div class=\"timeBox\">\n<div class=\"timeTitle\">Certificado \u201cTop 10 J\u00f3venes Creativos\u201d<\/div>\n<div class=\"timeText\">En 2006, bas\u00e1ndose en muchos a\u00f1os de experiencia trabajando en forjado, el director ejecutivo, Sr. Liu, desarroll\u00f3 la tecnolog\u00eda para fabricar la abrazadera de sujeci\u00f3n y, al mismo tiempo, obtuvo el certificado de &quot;diez j\u00f3venes creativos&quot;. De este modo, mejor\u00f3 la eficiencia en la fabricaci\u00f3n de herrajes para l\u00edneas de postes al doble.<\/div>\n<\/div>\n<\/div>\n<div class=\"item\">\n<div class=\"timeBox\">\n<div class=\"timeTitle\">La tecnolog\u00eda de galvanizado por inmersi\u00f3n en caliente se ha mejorado hasta alcanzar un nuevo nivel<\/div>\n<div class=\"timeText\">En 2008, al mejorar la tecnolog\u00eda de galvanizado por inmersi\u00f3n en caliente, el espesor galvanizado alcanz\u00f3 el est\u00e1ndar ISO1461. Todos los herrajes de la l\u00ednea de postes se exportaron a todo el mundo sin problemas de galvanizado.<\/div>\n<\/div>\n<\/div>\n<div class=\"item\">\n<div class=\"timeBox\">\n<div class=\"timeTitle\">Nace la l\u00ednea de producci\u00f3n Guy Grip<\/div>\n<div class=\"timeText\">En 2010, agregamos la l\u00ednea de producci\u00f3n de agarre de hombre y, a partir de ah\u00ed, el monto de ventas aument\u00f3 dos veces en 2010, al mismo tiempo, perfeccionamos el equipo de laboratorio y fortalecimos las reglas de control de calidad.<\/div>\n<\/div>\n<\/div>\n<div class=\"item\">\n<div class=\"timeBox\">\n<div class=\"timeTitle\">Construir el nuevo almac\u00e9n y taller.<\/div>\n<div class=\"timeText\">En 2013, construimos un nuevo almac\u00e9n y taller de 12.000 metros cuadrados. Ganamos las licitaciones en Kenia y Dominica y completamos con \u00e9xito el proyecto en Rusia.<\/div>\n<\/div>\n<\/div>\n<div class=\"item\">\n<div class=\"timeBox\">\n<div class=\"timeTitle\">Entra en funcionamiento la m\u00e1quina autom\u00e1tica de brazo cruzado<\/div>\n<div class=\"timeText\">En 2015, mejoramos la m\u00e1quina autom\u00e1tica para fabricar el brazo transversal, de esta manera, la tolerancia se control\u00f3 a 1 mm. Se eliminaron todas las punzonadoras antiguas. La capacidad de producci\u00f3n aument\u00f3 en 100%.<\/div>\n<\/div>\n<\/div>\n<div class=\"item\">\n<div class=\"timeBox\">\n<div class=\"timeTitle\">Servicio de suministro y soluci\u00f3n en dise\u00f1o y fabricaci\u00f3n de productos.<\/div>\n<div class=\"timeText\">En 2018, el departamento t\u00e9cnico realiz\u00f3 investigaciones sobre el dise\u00f1o de accesorios ADSS\/OPGW. Intentamos brindar servicios y soluciones para el dise\u00f1o y la fabricaci\u00f3n de productos.<\/div>\n<\/div>\n<\/div>\n<\/div>\n<\/div>\n<\/div>\n<\/div>\n<\/div>\n<div id=\"aboutProcess\" class=\"paddTop70 paddBottom50\">\n<div class=\"container\">\n<div class=\"row cust-row\">\n<div class=\"col-sm-12 text-center\">\n<h2 class=\"capLet paddBottom55\">Proceso principal de fabricaci\u00f3n<\/h2>\n<\/div>\n<\/div>\n<div class=\"row cust-row\">\n<div class=\"col-sm-6 col-md-3 paddBottom35\">\n<div class=\"processBox\">\n<div class=\"proImg\"><img decoding=\"async\" class=\"img-responsive\" src=\"\/wp-content\/uploads\/2018\/05\/process-1.jpg\" alt=\"\" \/><\/div>\n<div class=\"proTitle\"><a>Fundici\u00f3n<\/a><\/div>\n<\/div>\n<\/div>\n<div class=\"col-sm-6 col-md-3 paddBottom35\">\n<div class=\"processBox\">\n<div class=\"proImg\"><img decoding=\"async\" class=\"img-responsive\" src=\"\/wp-content\/uploads\/2018\/05\/process-2.jpg\" alt=\"\" \/><\/div>\n<div class=\"proTitle\"><a>Golpe fr\u00edo<\/a><\/div>\n<\/div>\n<\/div>\n<div class=\"col-sm-6 col-md-3 paddBottom35\">\n<div class=\"processBox\">\n<div class=\"proImg\"><img decoding=\"async\" class=\"img-responsive\" src=\"\/wp-content\/uploads\/2018\/05\/process-3.jpg\" alt=\"\" \/><\/div>\n<div class=\"proTitle\"><a>Falsificado<\/a><\/div>\n<\/div>\n<\/div>\n<div class=\"col-sm-6 col-md-3 paddBottom35\">\n<div class=\"processBox\">\n<div class=\"proImg\"><img decoding=\"async\" class=\"img-responsive\" src=\"\/wp-content\/uploads\/2018\/05\/process-4.jpg\" alt=\"\" \/><\/div>\n<div class=\"proTitle\"><a>Soldadura<\/a><\/div>\n<\/div>\n<\/div>\n<div class=\"col-sm-6 col-md-3 paddBottom35\">\n<div class=\"processBox\">\n<div class=\"proImg\"><img decoding=\"async\" class=\"img-responsive\" src=\"\/wp-content\/uploads\/2018\/05\/process-5.jpg\" alt=\"\" \/><\/div>\n<div class=\"proTitle\"><a>Calefacci\u00f3n<\/a><\/div>\n<\/div>\n<\/div>\n<div class=\"col-sm-6 col-md-3 paddBottom35\">\n<div class=\"processBox\">\n<div class=\"proImg\"><img decoding=\"async\" class=\"img-responsive\" src=\"\/wp-content\/uploads\/2018\/05\/process-6.jpg\" alt=\"\" \/><\/div>\n<div class=\"proTitle\"><a>Maquina automatica<\/a><\/div>\n<\/div>\n<\/div>\n<div class=\"col-sm-6 col-md-3 paddBottom35\">\n<div class=\"processBox\">\n<div class=\"proImg\"><img decoding=\"async\" class=\"img-responsive\" src=\"\/wp-content\/uploads\/2018\/05\/process-7.jpg\" alt=\"\" \/><\/div>\n<div class=\"proTitle\"><a>Prueba de carga<\/a><\/div>\n<\/div>\n<\/div>\n<div class=\"col-sm-6 col-md-3 paddBottom35\">\n<div class=\"processBox\">\n<div class=\"proImg\"><img decoding=\"async\" class=\"img-responsive\" src=\"\/wp-content\/uploads\/2018\/05\/process-8.jpg\" alt=\"\" \/><\/div>\n<div class=\"proTitle\"><a>Embalaje<\/a><\/div>\n<\/div>\n<\/div>\n<\/div>\n<\/div>\n<\/div>\n<div id=\"customerWrapper\" class=\"paddTop55\">\n<div class=\"container\">\n<div class=\"row cust-row\">\n<div class=\"col-sm-12 text-center\">\n<h2 class=\"capLet paddBottom25\">Industria RAX con el cliente<\/h2>\n<\/div>\n<div class=\"col-sm-3 cust-col-5\">\n<div class=\"custBox\"><img decoding=\"async\" class=\"img-responsive\" src=\"\/wp-content\/uploads\/2018\/05\/customer-1.png\" alt=\"\" \/><\/div>\n<\/div>\n<div class=\"col-sm-3 cust-col-5\">\n<div class=\"custBox\"><img decoding=\"async\" class=\"img-responsive\" src=\"\/wp-content\/uploads\/2018\/05\/customer-2.png\" alt=\"\" \/><\/div>\n<\/div>\n<div class=\"col-sm-3 cust-col-5\">\n<div class=\"custBox\"><img decoding=\"async\" class=\"img-responsive\" src=\"\/wp-content\/uploads\/2018\/05\/customer-3.png\" alt=\"\" \/><\/div>\n<\/div>\n<div class=\"col-sm-3 cust-col-5\">\n<div class=\"custBox\"><img decoding=\"async\" class=\"img-responsive\" src=\"\/wp-content\/uploads\/2018\/05\/customer-4.png\" alt=\"\" \/><\/div>\n<\/div>\n<div class=\"col-sm-3 cust-col-5\">\n<div class=\"custBox\"><img decoding=\"async\" class=\"img-responsive\" src=\"\/wp-content\/uploads\/2018\/05\/customer-5.png\" alt=\"\" \/><\/div>\n<\/div>\n<\/div>\n<\/div>\n<\/div>\n<div class=\"paddTop40 paddBottom60 text-center\"><a class=\"fancybox-inline commonBtn blueBtn\" href=\"#contactPopUpForm\">\u00a1Sea nuestro pr\u00f3ximo cliente!<\/a><\/div>","protected":false},"excerpt":{"rendered":"<p>Acerca de RAX Industry 21 a\u00f1os de experiencia en exportaci\u00f3n Control de calidad Conocimiento estricto del est\u00e1ndar de inspecci\u00f3n Gran capacidad de producci\u00f3n Env\u00edenos su consulta RAX Industry es el fabricante l\u00edder de herrajes para postes RAX Industry es el fabricante l\u00edder de herrajes para postes, brazos de alumbrado p\u00fablico, abrazaderas para l\u00edneas de transmisi\u00f3n, abrazaderas de suspensi\u00f3n y accesorios ADSS\/OPGW en China. [\u2026]<\/p>","protected":false},"author":1,"featured_media":0,"parent":0,"menu_order":6,"comment_status":"closed","ping_status":"closed","template":"","meta":{"_acf_changed":false,"site-sidebar-layout":"no-sidebar","site-content-layout":"page-builder","ast-site-content-layout":"full-width-container","site-content-style":"unboxed","site-sidebar-style":"unboxed","ast-global-header-display":"","ast-banner-title-visibility":"","ast-main-header-display":"","ast-hfb-above-header-display":"","ast-hfb-below-header-display":"","ast-hfb-mobile-header-display":"","site-post-title":"disabled","ast-breadcrumbs-content":"","ast-featured-img":"disabled","footer-sml-layout":"","ast-disable-related-posts":"","theme-transparent-header-meta":"default","adv-header-id-meta":"","stick-header-meta":"default","header-above-stick-meta":"","header-main-stick-meta":"","header-below-stick-meta":"","astra-migrate-meta-layouts":"set","ast-page-background-enabled":"default","ast-page-background-meta":{"desktop":{"background-color":"","background-image":"","background-repeat":"repeat","background-position":"center center","background-size":"auto","background-attachment":"scroll","background-type":"","background-media":"","overlay-type":"","overlay-color":"","overlay-opacity":"","overlay-gradient":""},"tablet":{"background-color":"","background-image":"","background-repeat":"repeat","background-position":"center center","background-size":"auto","background-attachment":"scroll","background-type":"","background-media":"","overlay-type":"","overlay-color":"","overlay-opacity":"","overlay-gradient":""},"mobile":{"background-color":"","background-image":"","background-repeat":"repeat","background-position":"center center","background-size":"auto","background-attachment":"scroll","background-type":"","background-media":"","overlay-type":"","overlay-color":"","overlay-opacity":"","overlay-gradient":""}},"ast-content-background-meta":{"desktop":{"background-color":"var(--ast-global-color-5)","background-image":"","background-repeat":"repeat","background-position":"center center","background-size":"auto","background-attachment":"scroll","background-type":"","background-media":"","overlay-type":"","overlay-color":"","overlay-opacity":"","overlay-gradient":""},"tablet":{"background-color":"var(--ast-global-color-5)","background-image":"","background-repeat":"repeat","background-position":"center center","background-size":"auto","background-attachment":"scroll","background-type":"","background-media":"","overlay-type":"","overlay-color":"","overlay-opacity":"","overlay-gradient":""},"mobile":{"background-color":"var(--ast-global-color-5)","background-image":"","background-repeat":"repeat","background-position":"center center","background-size":"auto","background-attachment":"scroll","background-type":"","background-media":"","overlay-type":"","overlay-color":"","overlay-opacity":"","overlay-gradient":""}},"footnotes":""},"class_list":["post-11","page","type-page","status-publish","hentry"],"acf":[],"yoast_head":"<!-- This site is optimized with the Yoast SEO plugin v27.5 - https:\/\/yoast.com\/product\/yoast-seo-wordpress\/ -->\n<title>About Us - Rax Industry<\/title>\n<meta name=\"description\" content=\"RAX Industry is the leading manufacturer of pole line hardware, street light arms, transmission line clamps, suspension clamps, and ADSS\/OPGW accessories in China.\" \/>\n<meta name=\"robots\" content=\"index, follow, max-snippet:-1, max-image-preview:large, max-video-preview:-1\" \/>\n<link rel=\"canonical\" href=\"https:\/\/www.hbjinyong.com\/es\/about-us\/\" \/>\n<meta property=\"og:locale\" content=\"es_ES\" \/>\n<meta property=\"og:type\" content=\"article\" \/>\n<meta property=\"og:title\" content=\"About Us - Rax Industry\" \/>\n<meta property=\"og:description\" content=\"RAX Industry is the leading manufacturer of pole line hardware, street light arms, transmission line clamps, suspension clamps, and ADSS\/OPGW accessories in China.\" \/>\n<meta property=\"og:url\" content=\"https:\/\/www.hbjinyong.com\/es\/about-us\/\" \/>\n<meta property=\"og:site_name\" content=\"Rax Industry\" \/>\n<meta property=\"article:modified_time\" content=\"2024-12-11T03:31:28+00:00\" \/>\n<meta name=\"twitter:card\" content=\"summary_large_image\" \/>\n<meta name=\"twitter:label1\" content=\"Tiempo de lectura\" \/>\n\t<meta name=\"twitter:data1\" content=\"5 minutos\" \/>\n<script type=\"application\/ld+json\" class=\"yoast-schema-graph\">{\"@context\":\"https:\\\/\\\/schema.org\",\"@graph\":[{\"@type\":\"WebPage\",\"@id\":\"https:\\\/\\\/www.hbjinyong.com\\\/about-us\\\/\",\"url\":\"https:\\\/\\\/www.hbjinyong.com\\\/about-us\\\/\",\"name\":\"About Us - Rax Industry\",\"isPartOf\":{\"@id\":\"https:\\\/\\\/www.hbjinyong.com\\\/#website\"},\"datePublished\":\"2018-05-04T11:57:34+00:00\",\"dateModified\":\"2024-12-11T03:31:28+00:00\",\"description\":\"RAX Industry is the leading manufacturer of pole line hardware, street light arms, transmission line clamps, suspension clamps, and ADSS\\\/OPGW accessories in China.\",\"breadcrumb\":{\"@id\":\"https:\\\/\\\/www.hbjinyong.com\\\/about-us\\\/#breadcrumb\"},\"inLanguage\":\"es\",\"potentialAction\":[{\"@type\":\"ReadAction\",\"target\":[\"https:\\\/\\\/www.hbjinyong.com\\\/about-us\\\/\"]}]},{\"@type\":\"BreadcrumbList\",\"@id\":\"https:\\\/\\\/www.hbjinyong.com\\\/about-us\\\/#breadcrumb\",\"itemListElement\":[{\"@type\":\"ListItem\",\"position\":1,\"name\":\"Home\",\"item\":\"https:\\\/\\\/www.hbjinyong.com\\\/\"},{\"@type\":\"ListItem\",\"position\":2,\"name\":\"About Us\"}]},{\"@type\":\"WebSite\",\"@id\":\"https:\\\/\\\/www.hbjinyong.com\\\/#website\",\"url\":\"https:\\\/\\\/www.hbjinyong.com\\\/\",\"name\":\"Rax Industry\",\"description\":\"\",\"publisher\":{\"@id\":\"https:\\\/\\\/www.hbjinyong.com\\\/#organization\"},\"potentialAction\":[{\"@type\":\"SearchAction\",\"target\":{\"@type\":\"EntryPoint\",\"urlTemplate\":\"https:\\\/\\\/www.hbjinyong.com\\\/?s={search_term_string}\"},\"query-input\":{\"@type\":\"PropertyValueSpecification\",\"valueRequired\":true,\"valueName\":\"search_term_string\"}}],\"inLanguage\":\"es\"},{\"@type\":\"Organization\",\"@id\":\"https:\\\/\\\/www.hbjinyong.com\\\/#organization\",\"name\":\"Jingyoung\",\"url\":\"https:\\\/\\\/www.hbjinyong.com\\\/\",\"logo\":{\"@type\":\"ImageObject\",\"inLanguage\":\"es\",\"@id\":\"https:\\\/\\\/www.hbjinyong.com\\\/#\\\/schema\\\/logo\\\/image\\\/\",\"url\":\"\",\"contentUrl\":\"\",\"caption\":\"Jingyoung\"},\"image\":{\"@id\":\"https:\\\/\\\/www.hbjinyong.com\\\/#\\\/schema\\\/logo\\\/image\\\/\"}}]}<\/script>\n<!-- \/ Yoast SEO plugin. -->","yoast_head_json":{"title":"Sobre nosotros - Rax Industry","description":"RAX Industry es el fabricante l\u00edder de herrajes para l\u00edneas de postes, brazos de alumbrado p\u00fablico, abrazaderas para l\u00edneas de transmisi\u00f3n, abrazaderas de suspensi\u00f3n y accesorios ADSS\/OPGW en China.","robots":{"index":"index","follow":"follow","max-snippet":"max-snippet:-1","max-image-preview":"max-image-preview:large","max-video-preview":"max-video-preview:-1"},"canonical":"https:\/\/www.hbjinyong.com\/es\/about-us\/","og_locale":"es_ES","og_type":"article","og_title":"About Us - Rax Industry","og_description":"RAX Industry is the leading manufacturer of pole line hardware, street light arms, transmission line clamps, suspension clamps, and ADSS\/OPGW accessories in China.","og_url":"https:\/\/www.hbjinyong.com\/es\/about-us\/","og_site_name":"Rax Industry","article_modified_time":"2024-12-11T03:31:28+00:00","twitter_card":"summary_large_image","twitter_misc":{"Tiempo de lectura":"5 minutos"},"schema":{"@context":"https:\/\/schema.org","@graph":[{"@type":"WebPage","@id":"https:\/\/www.hbjinyong.com\/about-us\/","url":"https:\/\/www.hbjinyong.com\/about-us\/","name":"Sobre nosotros - Rax Industry","isPartOf":{"@id":"https:\/\/www.hbjinyong.com\/#website"},"datePublished":"2018-05-04T11:57:34+00:00","dateModified":"2024-12-11T03:31:28+00:00","description":"RAX Industry es el fabricante l\u00edder de herrajes para l\u00edneas de postes, brazos de alumbrado p\u00fablico, abrazaderas para l\u00edneas de transmisi\u00f3n, abrazaderas de suspensi\u00f3n y accesorios ADSS\/OPGW en China.","breadcrumb":{"@id":"https:\/\/www.hbjinyong.com\/about-us\/#breadcrumb"},"inLanguage":"es","potentialAction":[{"@type":"ReadAction","target":["https:\/\/www.hbjinyong.com\/about-us\/"]}]},{"@type":"BreadcrumbList","@id":"https:\/\/www.hbjinyong.com\/about-us\/#breadcrumb","itemListElement":[{"@type":"ListItem","position":1,"name":"Home","item":"https:\/\/www.hbjinyong.com\/"},{"@type":"ListItem","position":2,"name":"About Us"}]},{"@type":"WebSite","@id":"https:\/\/www.hbjinyong.com\/#website","url":"https:\/\/www.hbjinyong.com\/","name":"Rax Industry","description":"","publisher":{"@id":"https:\/\/www.hbjinyong.com\/#organization"},"potentialAction":[{"@type":"SearchAction","target":{"@type":"EntryPoint","urlTemplate":"https:\/\/www.hbjinyong.com\/?s={search_term_string}"},"query-input":{"@type":"PropertyValueSpecification","valueRequired":true,"valueName":"search_term_string"}}],"inLanguage":"es"},{"@type":"Organization","@id":"https:\/\/www.hbjinyong.com\/#organization","name":"Jing Young","url":"https:\/\/www.hbjinyong.com\/","logo":{"@type":"ImageObject","inLanguage":"es","@id":"https:\/\/www.hbjinyong.com\/#\/schema\/logo\/image\/","url":"","contentUrl":"","caption":"Jingyoung"},"image":{"@id":"https:\/\/www.hbjinyong.com\/#\/schema\/logo\/image\/"}}]}},"_links":{"self":[{"href":"https:\/\/www.hbjinyong.com\/es\/wp-json\/wp\/v2\/pages\/11","targetHints":{"allow":["GET"]}}],"collection":[{"href":"https:\/\/www.hbjinyong.com\/es\/wp-json\/wp\/v2\/pages"}],"about":[{"href":"https:\/\/www.hbjinyong.com\/es\/wp-json\/wp\/v2\/types\/page"}],"author":[{"embeddable":true,"href":"https:\/\/www.hbjinyong.com\/es\/wp-json\/wp\/v2\/users\/1"}],"replies":[{"embeddable":true,"href":"https:\/\/www.hbjinyong.com\/es\/wp-json\/wp\/v2\/comments?post=11"}],"version-history":[{"count":0,"href":"https:\/\/www.hbjinyong.com\/es\/wp-json\/wp\/v2\/pages\/11\/revisions"}],"wp:attachment":[{"href":"https:\/\/www.hbjinyong.com\/es\/wp-json\/wp\/v2\/media?parent=11"}],"curies":[{"name":"gracias","href":"https:\/\/api.w.org\/{rel}","templated":true}]}}