{"id":11,"date":"2018-05-04T11:57:34","date_gmt":"2018-05-04T11:57:34","guid":{"rendered":"http:\/\/jinyong.digitalpixels.co\/?page_id=11"},"modified":"2024-12-11T03:31:28","modified_gmt":"2024-12-11T03:31:28","slug":"about-us","status":"publish","type":"page","link":"https:\/\/www.hbjinyong.com\/fr\/about-us\/","title":{"rendered":"\u00c0 propos de nous"},"content":{"rendered":"<div id=\"aboutIntro\" class=\"paddTop60 paddBottom55\">\n<div class=\"container\">\n<div class=\"row cust-row\">\n<div class=\"col-sm-6 paddBottom80\"><div id=\"custom_html-11\" class=\"widget_text widget-container widget_custom_html\"><div class=\"textwidget custom-html-widget\"><ul class=\"aboutSlider\">\r\n<li class=\"slide\"><img decoding=\"async\" src=\"\/wp-content\/uploads\/2018\/05\/about-img.jpg\" alt=\"\"><\/li>\r\n<li class=\"slide\"><img decoding=\"async\" src=\"\/wp-content\/uploads\/2018\/06\/about-us-img3.jpg\" alt=\"\"><\/li>\r\n<li class=\"slide\"><img decoding=\"async\" src=\"\/wp-content\/uploads\/2018\/06\/about-us-img4.jpg\" alt=\"\"><\/li>\r\n<\/ul><\/div><\/div><\/div>\n<div class=\"col-sm-6 paddBottom80\">\n<h1 class=\"capLet bottomSeprater paddBottom20\" style=\"margin-bottom: 25px !important;\">\u00c0 propos de RAX Industry<\/h1>\n<div class=\"commonPoints aboutList\">\n<ul>\n<li>21 ans d&#039;exp\u00e9rience en exportation<\/li>\n<li>Contr\u00f4le de qualit\u00e9 strict<\/li>\n<li>Conna\u00eetre la norme Inspect<\/li>\n<li>Grande capacit\u00e9 de production<\/li>\n<\/ul>\n<\/div>\n<div class=\"paddTop15\"><a class=\"fancybox-inline commonBtn blueBtn\" href=\"#contactPopUpForm\">Envoyez-nous votre demande<\/a><\/div>\n<\/div>\n<\/div>\n<div class=\"row cust-row\">\n<div class=\"col-sm-12\">\n<h2 class=\"capLet paddBottom65\" style=\"text-align: center;\">RAX Industry est le premier fabricant de mat\u00e9riel pour lignes \u00e9lectriques<\/h2>\n<p>RAX Industry est le premier fabricant de mat\u00e9riel de lignes \u00e9lectriques, de bras d&#039;\u00e9clairage public, de pinces de lignes de transmission, de pinces de suspension et d&#039;accessoires ADSS\/OPGW en Chine.<\/p>\n<p>RAX Industry fabrique du mat\u00e9riel pour lignes \u00e9lectriques depuis 21 ans et a ouvert le march\u00e9 dans de nombreux pays.<\/p>\n<p><b>Pourquoi les clients font-ils confiance \u00e0 RAX Industry ?<\/b><\/p>\n<p>L&#039;\u00e9quipe RAX Industry QC contr\u00f4le la qualit\u00e9 avec des normes strictes.<\/p>\n<p>L&#039;\u00e9quipe cr\u00e9ative de RAX Industry a utilis\u00e9 la machine Automatica pour maintenir la pr\u00e9cision des dimensions et assurer la livraison \u00e0 temps. Des milliers de moules semi-automatiques ont am\u00e9lior\u00e9 la production et l&#039;efficacit\u00e9. Tous les produits sont examin\u00e9s deux fois avant l&#039;emballage.<\/p>\n<p>Nous disposons d&#039;une technologie de pointe en mati\u00e8re de galvanisation \u00e0 chaud et nous contr\u00f4lons avec succ\u00e8s la temp\u00e9rature du liquide. De cette fa\u00e7on, toutes les surfaces des quincailleries de lignes de poteaux galvanis\u00e9es sont lisses et brillantes, sans nervures, sans grumeaux et sans omissions.<\/p>\n<p>RAX Industry propose des services OEM, si vous avez une bonne conception ou du mat\u00e9riel de ligne de poteau non standard, envoyez-nous un \u00e9chantillon, un dessin, une photo ou simplement une id\u00e9e, et notre \u00e9quipe fabriquera un nouveau moule pour r\u00e9aliser votre conception.<\/p>\n<p>Nous connaissons le processus, le march\u00e9 et vous connaissons. Travailler avec RAX Industry ne vous occasionne aucun probl\u00e8me ni co\u00fbt suppl\u00e9mentaire.<\/p>\n<\/div>\n<\/div>\n<\/div>\n<\/div>\n<div id=\"timeline\" class=\"paddTop50 paddBottom60\">\n<div class=\"container\">\n<div class=\"row cust-row\">\n<div class=\"col-sm-12 text-center\">\n<h2 class=\"capLet clrWhite paddBottom60\">Histoire de l&#039;industrie RAX<\/h2>\n<\/div>\n<div class=\"col-sm-12 col-lg-offset-1 col-lg-10\">\n<div class=\"time-line\"><\/div>\n<div class=\"slider time-nav\">\n<div class=\"item\">\n<div class=\"timeIcon\"><b>2006<\/b><\/div>\n<\/div>\n<div class=\"item timeUp\">\n<div class=\"timeIcon\"><b>2008<\/b><\/div>\n<\/div>\n<div class=\"item\">\n<div class=\"timeIcon\"><b>2010<\/b><\/div>\n<\/div>\n<div class=\"item timeUp\">\n<div class=\"timeIcon\"><b>2013<\/b><\/div>\n<\/div>\n<div class=\"item\">\n<div class=\"timeIcon\"><b>2015<\/b><\/div>\n<\/div>\n<div class=\"item timeUp\">\n<div class=\"timeIcon\"><b>2018<\/b><\/div>\n<\/div>\n<\/div>\n<\/div>\n<div class=\"col-sm-12 col-lg-offset-2 col-lg-8 paddTop85\">\n<div class=\"slider time-for\">\n<div class=\"item\">\n<div class=\"timeBox\">\n<div class=\"timeTitle\">Certificat \u00ab Top 10 des jeunes cr\u00e9atifs \u00bb<\/div>\n<div class=\"timeText\">En 2006, fort de ses nombreuses ann\u00e9es d&#039;exp\u00e9rience dans le domaine de la forge, le PDG M. Liu a d\u00e9velopp\u00e9 la technologie de fabrication des serre-c\u00e2bles et a obtenu en m\u00eame temps le certificat de \u00ab dix jeunes cr\u00e9atifs \u00bb. Ainsi, l&#039;efficacit\u00e9 de la fabrication du mat\u00e9riel de ligne de poteau a \u00e9t\u00e9 doubl\u00e9e.<\/div>\n<\/div>\n<\/div>\n<div class=\"item\">\n<div class=\"timeBox\">\n<div class=\"timeTitle\">La technologie de galvanisation \u00e0 chaud am\u00e9lior\u00e9e \u00e0 un nouveau niveau<\/div>\n<div class=\"timeText\">En 2008, en am\u00e9liorant la technologie de galvanisation \u00e0 chaud, l&#039;\u00e9paisseur galvanis\u00e9e a atteint la norme ISO1461. Tout le mat\u00e9riel de ligne de poteau a \u00e9t\u00e9 export\u00e9 dans le monde entier sans probl\u00e8mes de galvanisation.<\/div>\n<\/div>\n<\/div>\n<div class=\"item\">\n<div class=\"timeBox\">\n<div class=\"timeTitle\">Cr\u00e9ation de la ligne de production Guy Grip<\/div>\n<div class=\"timeText\">En 2010, nous avons ajout\u00e9 la ligne de production de pinces et \u00e0 partir de l\u00e0, le montant des ventes a doubl\u00e9 en 2010, en m\u00eame temps, nous avons perfectionn\u00e9 l&#039;\u00e9quipement de laboratoire et renforc\u00e9 les r\u00e8gles de contr\u00f4le qualit\u00e9.<\/div>\n<\/div>\n<\/div>\n<div class=\"item\">\n<div class=\"timeBox\">\n<div class=\"timeTitle\">Construire le nouvel entrep\u00f4t et l&#039;atelier<\/div>\n<div class=\"timeText\">En 2013, nous avons construit un nouvel entrep\u00f4t et atelier de 12 000 m\u00e8tres carr\u00e9s. Nous avons remport\u00e9 les appels d&#039;offres au Kenya et \u00e0 la Dominique. Et nous avons r\u00e9alis\u00e9 avec succ\u00e8s le projet en Russie.<\/div>\n<\/div>\n<\/div>\n<div class=\"item\">\n<div class=\"timeBox\">\n<div class=\"timeTitle\">Mise en service d&#039;une machine automatique \u00e0 bras transversaux<\/div>\n<div class=\"timeText\">En 2015, nous avons am\u00e9lior\u00e9 la machine automatique pour fabriquer le bras transversal, de cette mani\u00e8re, la tol\u00e9rance a \u00e9t\u00e9 contr\u00f4l\u00e9e \u00e0 1 mm. Toutes les anciennes poin\u00e7onneuses ont \u00e9t\u00e9 \u00e9limin\u00e9es. La capacit\u00e9 de production a augment\u00e9 de 100%.<\/div>\n<\/div>\n<\/div>\n<div class=\"item\">\n<div class=\"timeBox\">\n<div class=\"timeTitle\">Service d&#039;approvisionnement et de solution sur la conception et la fabrication de produits<\/div>\n<div class=\"timeText\">En 2018, le d\u00e9partement technique effectue des recherches sur la conception des accessoires ADSS\/OPGW. Nous essayons de fournir des services et des solutions pour la conception et la fabrication des produits.<\/div>\n<\/div>\n<\/div>\n<\/div>\n<\/div>\n<\/div>\n<\/div>\n<\/div>\n<div id=\"aboutProcess\" class=\"paddTop70 paddBottom50\">\n<div class=\"container\">\n<div class=\"row cust-row\">\n<div class=\"col-sm-12 text-center\">\n<h2 class=\"capLet paddBottom55\">Processus de fabrication principal<\/h2>\n<\/div>\n<\/div>\n<div class=\"row cust-row\">\n<div class=\"col-sm-6 col-md-3 paddBottom35\">\n<div class=\"processBox\">\n<div class=\"proImg\"><img decoding=\"async\" class=\"img-responsive\" src=\"\/wp-content\/uploads\/2018\/05\/process-1.jpg\" alt=\"\" \/><\/div>\n<div class=\"proTitle\"><a>Fonderie<\/a><\/div>\n<\/div>\n<\/div>\n<div class=\"col-sm-6 col-md-3 paddBottom35\">\n<div class=\"processBox\">\n<div class=\"proImg\"><img decoding=\"async\" class=\"img-responsive\" src=\"\/wp-content\/uploads\/2018\/05\/process-2.jpg\" alt=\"\" \/><\/div>\n<div class=\"proTitle\"><a>Punch froid<\/a><\/div>\n<\/div>\n<\/div>\n<div class=\"col-sm-6 col-md-3 paddBottom35\">\n<div class=\"processBox\">\n<div class=\"proImg\"><img decoding=\"async\" class=\"img-responsive\" src=\"\/wp-content\/uploads\/2018\/05\/process-3.jpg\" alt=\"\" \/><\/div>\n<div class=\"proTitle\"><a>Forg\u00e9<\/a><\/div>\n<\/div>\n<\/div>\n<div class=\"col-sm-6 col-md-3 paddBottom35\">\n<div class=\"processBox\">\n<div class=\"proImg\"><img decoding=\"async\" class=\"img-responsive\" src=\"\/wp-content\/uploads\/2018\/05\/process-4.jpg\" alt=\"\" \/><\/div>\n<div class=\"proTitle\"><a>Soudage<\/a><\/div>\n<\/div>\n<\/div>\n<div class=\"col-sm-6 col-md-3 paddBottom35\">\n<div class=\"processBox\">\n<div class=\"proImg\"><img decoding=\"async\" class=\"img-responsive\" src=\"\/wp-content\/uploads\/2018\/05\/process-5.jpg\" alt=\"\" \/><\/div>\n<div class=\"proTitle\"><a>Chauffage<\/a><\/div>\n<\/div>\n<\/div>\n<div class=\"col-sm-6 col-md-3 paddBottom35\">\n<div class=\"processBox\">\n<div class=\"proImg\"><img decoding=\"async\" class=\"img-responsive\" src=\"\/wp-content\/uploads\/2018\/05\/process-6.jpg\" alt=\"\" \/><\/div>\n<div class=\"proTitle\"><a>Machine automatique<\/a><\/div>\n<\/div>\n<\/div>\n<div class=\"col-sm-6 col-md-3 paddBottom35\">\n<div class=\"processBox\">\n<div class=\"proImg\"><img decoding=\"async\" class=\"img-responsive\" src=\"\/wp-content\/uploads\/2018\/05\/process-7.jpg\" alt=\"\" \/><\/div>\n<div class=\"proTitle\"><a>Test de charge<\/a><\/div>\n<\/div>\n<\/div>\n<div class=\"col-sm-6 col-md-3 paddBottom35\">\n<div class=\"processBox\">\n<div class=\"proImg\"><img decoding=\"async\" class=\"img-responsive\" src=\"\/wp-content\/uploads\/2018\/05\/process-8.jpg\" alt=\"\" \/><\/div>\n<div class=\"proTitle\"><a>Emballage<\/a><\/div>\n<\/div>\n<\/div>\n<\/div>\n<\/div>\n<\/div>\n<div id=\"customerWrapper\" class=\"paddTop55\">\n<div class=\"container\">\n<div class=\"row cust-row\">\n<div class=\"col-sm-12 text-center\">\n<h2 class=\"capLet paddBottom25\">RAX Industrie avec client<\/h2>\n<\/div>\n<div class=\"col-sm-3 cust-col-5\">\n<div class=\"custBox\"><img decoding=\"async\" class=\"img-responsive\" src=\"\/wp-content\/uploads\/2018\/05\/customer-1.png\" alt=\"\" \/><\/div>\n<\/div>\n<div class=\"col-sm-3 cust-col-5\">\n<div class=\"custBox\"><img decoding=\"async\" class=\"img-responsive\" src=\"\/wp-content\/uploads\/2018\/05\/customer-2.png\" alt=\"\" \/><\/div>\n<\/div>\n<div class=\"col-sm-3 cust-col-5\">\n<div class=\"custBox\"><img decoding=\"async\" class=\"img-responsive\" src=\"\/wp-content\/uploads\/2018\/05\/customer-3.png\" alt=\"\" \/><\/div>\n<\/div>\n<div class=\"col-sm-3 cust-col-5\">\n<div class=\"custBox\"><img decoding=\"async\" class=\"img-responsive\" src=\"\/wp-content\/uploads\/2018\/05\/customer-4.png\" alt=\"\" \/><\/div>\n<\/div>\n<div class=\"col-sm-3 cust-col-5\">\n<div class=\"custBox\"><img decoding=\"async\" class=\"img-responsive\" src=\"\/wp-content\/uploads\/2018\/05\/customer-5.png\" alt=\"\" \/><\/div>\n<\/div>\n<\/div>\n<\/div>\n<\/div>\n<div class=\"paddTop40 paddBottom60 text-center\"><a class=\"fancybox-inline commonBtn blueBtn\" href=\"#contactPopUpForm\">Devenez notre prochain client !<\/a><\/div>","protected":false},"excerpt":{"rendered":"<p>\u00c0 propos de RAX Industry 21 ans d&#039;exp\u00e9rience en exportation Contr\u00f4le qualit\u00e9 Connaissance stricte de la norme d&#039;inspection Grande capacit\u00e9 de production Envoyez-nous votre demande RAX Industry est le premier fabricant de mat\u00e9riel de lignes sur poteaux RAX Industry est le premier fabricant de mat\u00e9riel de lignes sur poteaux, de bras d&#039;\u00e9clairage public, de colliers de serrage pour lignes de transmission, de colliers de serrage pour suspension et d&#039;accessoires ADSS\/OPGW en Chine. [\u2026]<\/p>","protected":false},"author":1,"featured_media":0,"parent":0,"menu_order":6,"comment_status":"closed","ping_status":"closed","template":"","meta":{"_acf_changed":false,"site-sidebar-layout":"no-sidebar","site-content-layout":"page-builder","ast-site-content-layout":"full-width-container","site-content-style":"unboxed","site-sidebar-style":"unboxed","ast-global-header-display":"","ast-banner-title-visibility":"","ast-main-header-display":"","ast-hfb-above-header-display":"","ast-hfb-below-header-display":"","ast-hfb-mobile-header-display":"","site-post-title":"disabled","ast-breadcrumbs-content":"","ast-featured-img":"disabled","footer-sml-layout":"","ast-disable-related-posts":"","theme-transparent-header-meta":"default","adv-header-id-meta":"","stick-header-meta":"default","header-above-stick-meta":"","header-main-stick-meta":"","header-below-stick-meta":"","astra-migrate-meta-layouts":"set","ast-page-background-enabled":"default","ast-page-background-meta":{"desktop":{"background-color":"","background-image":"","background-repeat":"repeat","background-position":"center center","background-size":"auto","background-attachment":"scroll","background-type":"","background-media":"","overlay-type":"","overlay-color":"","overlay-opacity":"","overlay-gradient":""},"tablet":{"background-color":"","background-image":"","background-repeat":"repeat","background-position":"center center","background-size":"auto","background-attachment":"scroll","background-type":"","background-media":"","overlay-type":"","overlay-color":"","overlay-opacity":"","overlay-gradient":""},"mobile":{"background-color":"","background-image":"","background-repeat":"repeat","background-position":"center center","background-size":"auto","background-attachment":"scroll","background-type":"","background-media":"","overlay-type":"","overlay-color":"","overlay-opacity":"","overlay-gradient":""}},"ast-content-background-meta":{"desktop":{"background-color":"var(--ast-global-color-5)","background-image":"","background-repeat":"repeat","background-position":"center center","background-size":"auto","background-attachment":"scroll","background-type":"","background-media":"","overlay-type":"","overlay-color":"","overlay-opacity":"","overlay-gradient":""},"tablet":{"background-color":"var(--ast-global-color-5)","background-image":"","background-repeat":"repeat","background-position":"center center","background-size":"auto","background-attachment":"scroll","background-type":"","background-media":"","overlay-type":"","overlay-color":"","overlay-opacity":"","overlay-gradient":""},"mobile":{"background-color":"var(--ast-global-color-5)","background-image":"","background-repeat":"repeat","background-position":"center center","background-size":"auto","background-attachment":"scroll","background-type":"","background-media":"","overlay-type":"","overlay-color":"","overlay-opacity":"","overlay-gradient":""}},"footnotes":""},"class_list":["post-11","page","type-page","status-publish","hentry"],"acf":[],"yoast_head":"<!-- This site is optimized with the Yoast SEO plugin v27.5 - https:\/\/yoast.com\/product\/yoast-seo-wordpress\/ -->\n<title>About Us - Rax Industry<\/title>\n<meta name=\"description\" content=\"RAX Industry is the leading manufacturer of pole line hardware, street light arms, transmission line clamps, suspension clamps, and ADSS\/OPGW accessories in China.\" \/>\n<meta name=\"robots\" content=\"index, follow, max-snippet:-1, max-image-preview:large, max-video-preview:-1\" \/>\n<link rel=\"canonical\" href=\"https:\/\/www.hbjinyong.com\/fr\/about-us\/\" \/>\n<meta property=\"og:locale\" content=\"fr_FR\" \/>\n<meta property=\"og:type\" content=\"article\" \/>\n<meta property=\"og:title\" content=\"About Us - Rax Industry\" \/>\n<meta property=\"og:description\" content=\"RAX Industry is the leading manufacturer of pole line hardware, street light arms, transmission line clamps, suspension clamps, and ADSS\/OPGW accessories in China.\" \/>\n<meta property=\"og:url\" content=\"https:\/\/www.hbjinyong.com\/fr\/about-us\/\" \/>\n<meta property=\"og:site_name\" content=\"Rax Industry\" \/>\n<meta property=\"article:modified_time\" content=\"2024-12-11T03:31:28+00:00\" \/>\n<meta name=\"twitter:card\" content=\"summary_large_image\" \/>\n<meta name=\"twitter:label1\" content=\"Dur\u00e9e de lecture estim\u00e9e\" \/>\n\t<meta name=\"twitter:data1\" content=\"5 minutes\" \/>\n<script type=\"application\/ld+json\" class=\"yoast-schema-graph\">{\"@context\":\"https:\\\/\\\/schema.org\",\"@graph\":[{\"@type\":\"WebPage\",\"@id\":\"https:\\\/\\\/www.hbjinyong.com\\\/about-us\\\/\",\"url\":\"https:\\\/\\\/www.hbjinyong.com\\\/about-us\\\/\",\"name\":\"About Us - Rax Industry\",\"isPartOf\":{\"@id\":\"https:\\\/\\\/www.hbjinyong.com\\\/#website\"},\"datePublished\":\"2018-05-04T11:57:34+00:00\",\"dateModified\":\"2024-12-11T03:31:28+00:00\",\"description\":\"RAX Industry is the leading manufacturer of pole line hardware, street light arms, transmission line clamps, suspension clamps, and ADSS\\\/OPGW accessories in China.\",\"breadcrumb\":{\"@id\":\"https:\\\/\\\/www.hbjinyong.com\\\/about-us\\\/#breadcrumb\"},\"inLanguage\":\"fr-FR\",\"potentialAction\":[{\"@type\":\"ReadAction\",\"target\":[\"https:\\\/\\\/www.hbjinyong.com\\\/about-us\\\/\"]}]},{\"@type\":\"BreadcrumbList\",\"@id\":\"https:\\\/\\\/www.hbjinyong.com\\\/about-us\\\/#breadcrumb\",\"itemListElement\":[{\"@type\":\"ListItem\",\"position\":1,\"name\":\"Home\",\"item\":\"https:\\\/\\\/www.hbjinyong.com\\\/\"},{\"@type\":\"ListItem\",\"position\":2,\"name\":\"About Us\"}]},{\"@type\":\"WebSite\",\"@id\":\"https:\\\/\\\/www.hbjinyong.com\\\/#website\",\"url\":\"https:\\\/\\\/www.hbjinyong.com\\\/\",\"name\":\"Rax Industry\",\"description\":\"\",\"publisher\":{\"@id\":\"https:\\\/\\\/www.hbjinyong.com\\\/#organization\"},\"potentialAction\":[{\"@type\":\"SearchAction\",\"target\":{\"@type\":\"EntryPoint\",\"urlTemplate\":\"https:\\\/\\\/www.hbjinyong.com\\\/?s={search_term_string}\"},\"query-input\":{\"@type\":\"PropertyValueSpecification\",\"valueRequired\":true,\"valueName\":\"search_term_string\"}}],\"inLanguage\":\"fr-FR\"},{\"@type\":\"Organization\",\"@id\":\"https:\\\/\\\/www.hbjinyong.com\\\/#organization\",\"name\":\"Jingyoung\",\"url\":\"https:\\\/\\\/www.hbjinyong.com\\\/\",\"logo\":{\"@type\":\"ImageObject\",\"inLanguage\":\"fr-FR\",\"@id\":\"https:\\\/\\\/www.hbjinyong.com\\\/#\\\/schema\\\/logo\\\/image\\\/\",\"url\":\"\",\"contentUrl\":\"\",\"caption\":\"Jingyoung\"},\"image\":{\"@id\":\"https:\\\/\\\/www.hbjinyong.com\\\/#\\\/schema\\\/logo\\\/image\\\/\"}}]}<\/script>\n<!-- \/ Yoast SEO plugin. -->","yoast_head_json":{"title":"\u00c0 propos de nous - Rax Industry","description":"RAX Industry est le premier fabricant de mat\u00e9riel de lignes \u00e9lectriques, de bras d&#039;\u00e9clairage public, de pinces de lignes de transmission, de pinces de suspension et d&#039;accessoires ADSS\/OPGW en Chine.","robots":{"index":"index","follow":"follow","max-snippet":"max-snippet:-1","max-image-preview":"max-image-preview:large","max-video-preview":"max-video-preview:-1"},"canonical":"https:\/\/www.hbjinyong.com\/fr\/about-us\/","og_locale":"fr_FR","og_type":"article","og_title":"About Us - Rax Industry","og_description":"RAX Industry is the leading manufacturer of pole line hardware, street light arms, transmission line clamps, suspension clamps, and ADSS\/OPGW accessories in China.","og_url":"https:\/\/www.hbjinyong.com\/fr\/about-us\/","og_site_name":"Rax Industry","article_modified_time":"2024-12-11T03:31:28+00:00","twitter_card":"summary_large_image","twitter_misc":{"Dur\u00e9e de lecture estim\u00e9e":"5 minutes"},"schema":{"@context":"https:\/\/schema.org","@graph":[{"@type":"WebPage","@id":"https:\/\/www.hbjinyong.com\/about-us\/","url":"https:\/\/www.hbjinyong.com\/about-us\/","name":"\u00c0 propos de nous - Rax Industry","isPartOf":{"@id":"https:\/\/www.hbjinyong.com\/#website"},"datePublished":"2018-05-04T11:57:34+00:00","dateModified":"2024-12-11T03:31:28+00:00","description":"RAX Industry est le premier fabricant de mat\u00e9riel de lignes \u00e9lectriques, de bras d&#039;\u00e9clairage public, de pinces de lignes de transmission, de pinces de suspension et d&#039;accessoires ADSS\/OPGW en Chine.","breadcrumb":{"@id":"https:\/\/www.hbjinyong.com\/about-us\/#breadcrumb"},"inLanguage":"fr-FR","potentialAction":[{"@type":"ReadAction","target":["https:\/\/www.hbjinyong.com\/about-us\/"]}]},{"@type":"BreadcrumbList","@id":"https:\/\/www.hbjinyong.com\/about-us\/#breadcrumb","itemListElement":[{"@type":"ListItem","position":1,"name":"Home","item":"https:\/\/www.hbjinyong.com\/"},{"@type":"ListItem","position":2,"name":"About Us"}]},{"@type":"WebSite","@id":"https:\/\/www.hbjinyong.com\/#website","url":"https:\/\/www.hbjinyong.com\/","name":"Rax Industry","description":"","publisher":{"@id":"https:\/\/www.hbjinyong.com\/#organization"},"potentialAction":[{"@type":"SearchAction","target":{"@type":"EntryPoint","urlTemplate":"https:\/\/www.hbjinyong.com\/?s={search_term_string}"},"query-input":{"@type":"PropertyValueSpecification","valueRequired":true,"valueName":"search_term_string"}}],"inLanguage":"fr-FR"},{"@type":"Organization","@id":"https:\/\/www.hbjinyong.com\/#organization","name":"Jing-Young","url":"https:\/\/www.hbjinyong.com\/","logo":{"@type":"ImageObject","inLanguage":"fr-FR","@id":"https:\/\/www.hbjinyong.com\/#\/schema\/logo\/image\/","url":"","contentUrl":"","caption":"Jingyoung"},"image":{"@id":"https:\/\/www.hbjinyong.com\/#\/schema\/logo\/image\/"}}]}},"_links":{"self":[{"href":"https:\/\/www.hbjinyong.com\/fr\/wp-json\/wp\/v2\/pages\/11","targetHints":{"allow":["GET"]}}],"collection":[{"href":"https:\/\/www.hbjinyong.com\/fr\/wp-json\/wp\/v2\/pages"}],"about":[{"href":"https:\/\/www.hbjinyong.com\/fr\/wp-json\/wp\/v2\/types\/page"}],"author":[{"embeddable":true,"href":"https:\/\/www.hbjinyong.com\/fr\/wp-json\/wp\/v2\/users\/1"}],"replies":[{"embeddable":true,"href":"https:\/\/www.hbjinyong.com\/fr\/wp-json\/wp\/v2\/comments?post=11"}],"version-history":[{"count":0,"href":"https:\/\/www.hbjinyong.com\/fr\/wp-json\/wp\/v2\/pages\/11\/revisions"}],"wp:attachment":[{"href":"https:\/\/www.hbjinyong.com\/fr\/wp-json\/wp\/v2\/media?parent=11"}],"curies":[{"name":"wp","href":"https:\/\/api.w.org\/{rel}","templated":true}]}}