{"id":11,"date":"2018-05-04T11:57:34","date_gmt":"2018-05-04T11:57:34","guid":{"rendered":"http:\/\/jinyong.digitalpixels.co\/?page_id=11"},"modified":"2024-12-11T03:31:28","modified_gmt":"2024-12-11T03:31:28","slug":"about-us","status":"publish","type":"page","link":"https:\/\/www.hbjinyong.com\/pt\/about-us\/","title":{"rendered":"Sobre n\u00f3s"},"content":{"rendered":"<div id=\"aboutIntro\" class=\"paddTop60 paddBottom55\">\n<div class=\"container\">\n<div class=\"row cust-row\">\n<div class=\"col-sm-6 paddBottom80\"><div id=\"custom_html-11\" class=\"widget_text widget-container widget_custom_html\"><div class=\"textwidget custom-html-widget\"><ul class=\"aboutSlider\">\r\n<li class=\"slide\"><img decoding=\"async\" src=\"\/wp-content\/uploads\/2018\/05\/about-img.jpg\" alt=\"\"><\/li>\r\n<li class=\"slide\"><img decoding=\"async\" src=\"\/wp-content\/uploads\/2018\/06\/about-us-img3.jpg\" alt=\"\"><\/li>\r\n<li class=\"slide\"><img decoding=\"async\" src=\"\/wp-content\/uploads\/2018\/06\/about-us-img4.jpg\" alt=\"\"><\/li>\r\n<\/ul><\/div><\/div><\/div>\n<div class=\"col-sm-6 paddBottom80\">\n<h1 class=\"capLet bottomSeprater paddBottom20\" style=\"margin-bottom: 25px !important;\">Sobre a RAX Industry<\/h1>\n<div class=\"commonPoints aboutList\">\n<ul>\n<li>21 anos de experi\u00eancias em exporta\u00e7\u00e3o<\/li>\n<li>Controle de qualidade rigoroso<\/li>\n<li>Conhecendo o Padr\u00e3o de Inspe\u00e7\u00e3o<\/li>\n<li>Grande Capacidade de Produ\u00e7\u00e3o<\/li>\n<\/ul>\n<\/div>\n<div class=\"paddTop15\"><a class=\"fancybox-inline commonBtn blueBtn\" href=\"#contactPopUpForm\">Envie-nos sua consulta<\/a><\/div>\n<\/div>\n<\/div>\n<div class=\"row cust-row\">\n<div class=\"col-sm-12\">\n<h2 class=\"capLet paddBottom65\" style=\"text-align: center;\">A RAX Industry \u00e9 a fabricante l\u00edder de ferragens para linhas de postes<\/h2>\n<p>A RAX Industry \u00e9 a fabricante l\u00edder de ferragens para linhas de postes, bra\u00e7os de ilumina\u00e7\u00e3o p\u00fablica, bra\u00e7adeiras para linhas de transmiss\u00e3o, bra\u00e7adeiras de suspens\u00e3o e acess\u00f3rios ADSS\/OPGW na China.<\/p>\n<p>A RAX Industry fabrica equipamentos para linhas de postes h\u00e1 21 anos e abriu o mercado em muitos pa\u00edses.<\/p>\n<p><b>Por que os clientes confiam na RAX Industry?<\/b><\/p>\n<p>A equipe de controle de qualidade da RAX Industry controla a qualidade com padr\u00f5es rigorosos.<\/p>\n<p>A equipe criativa da RAX Industry usou a m\u00e1quina Automatica para manter o dimensionamento preciso e para manter sua entrega no prazo. Milhares de moldes semiautom\u00e1ticos melhoraram a produ\u00e7\u00e3o e a efici\u00eancia. Todos os produtos s\u00e3o revisados duas vezes antes da embalagem.<\/p>\n<p>Temos a tecnologia l\u00edder em galvaniza\u00e7\u00e3o por imers\u00e3o a quente e controlamos com sucesso a temperatura do l\u00edquido. Dessa forma, todas as superf\u00edcies de hardware de linha de postes galvanizados s\u00e3o lisas e brilhantes, sem nervuras, sem caro\u00e7os e sem omiss\u00f5es.<\/p>\n<p>A RAX Industry oferece servi\u00e7os OEM. Se voc\u00ea tiver um bom design ou hardware de linha de postes fora do padr\u00e3o, envie-nos uma amostra, um desenho, uma foto ou apenas uma ideia, e nossa equipe far\u00e1 um novo molde para tornar seu design realidade.<\/p>\n<p>N\u00f3s conhecemos o processo, conhecemos o mercado, conhecemos voc\u00ea. N\u00e3o h\u00e1 problemas e custos extras para voc\u00ea trabalhar com a RAX Industry.<\/p>\n<\/div>\n<\/div>\n<\/div>\n<\/div>\n<div id=\"timeline\" class=\"paddTop50 paddBottom60\">\n<div class=\"container\">\n<div class=\"row cust-row\">\n<div class=\"col-sm-12 text-center\">\n<h2 class=\"capLet clrWhite paddBottom60\">Hist\u00f3rico da ind\u00fastria RAX<\/h2>\n<\/div>\n<div class=\"col-sm-12 col-lg-offset-1 col-lg-10\">\n<div class=\"time-line\"><\/div>\n<div class=\"slider time-nav\">\n<div class=\"item\">\n<div class=\"timeIcon\"><b>2006<\/b><\/div>\n<\/div>\n<div class=\"item timeUp\">\n<div class=\"timeIcon\"><b>2008<\/b><\/div>\n<\/div>\n<div class=\"item\">\n<div class=\"timeIcon\"><b>2010<\/b><\/div>\n<\/div>\n<div class=\"item timeUp\">\n<div class=\"timeIcon\"><b>2013<\/b><\/div>\n<\/div>\n<div class=\"item\">\n<div class=\"timeIcon\"><b>2015<\/b><\/div>\n<\/div>\n<div class=\"item timeUp\">\n<div class=\"timeIcon\"><b>2018<\/b><\/div>\n<\/div>\n<\/div>\n<\/div>\n<div class=\"col-sm-12 col-lg-offset-2 col-lg-8 paddTop85\">\n<div class=\"slider time-for\">\n<div class=\"item\">\n<div class=\"timeBox\">\n<div class=\"timeTitle\">Certificado \u201cTop Ten Jovens Criativos\u201d<\/div>\n<div class=\"timeText\">Em 2006, com base em muitos anos de experi\u00eancia trabalhando em forjados, o CEO Sr. Liu desenvolveu a tecnologia para fazer o grampo de cara, ao mesmo tempo, ele obteve o certificado de \u201cjovens criativos do top ten\u201d. Assim, melhorou a efici\u00eancia na fabrica\u00e7\u00e3o de hardware de linha de poste melhorou duas vezes.<\/div>\n<\/div>\n<\/div>\n<div class=\"item\">\n<div class=\"timeBox\">\n<div class=\"timeTitle\">Tecnologia galvanizada por imers\u00e3o a quente melhorada para um novo n\u00edvel elevado<\/div>\n<div class=\"timeText\">Em 2008, ao melhorar a tecnologia de galvaniza\u00e7\u00e3o a quente, a espessura galvanizada atingiu o padr\u00e3o ISO1461. Todo o hardware da linha de postes foi exportado para todo o mundo sem problemas de galvaniza\u00e7\u00e3o.<\/div>\n<\/div>\n<\/div>\n<div class=\"item\">\n<div class=\"timeBox\">\n<div class=\"timeTitle\">A linha de produ\u00e7\u00e3o Guy Grip surgiu<\/div>\n<div class=\"timeText\">Em 2010, adicionamos a linha de produ\u00e7\u00e3o de manoplas e, a partir da\u00ed, o valor das vendas dobrou em 2010. Ao mesmo tempo, aperfei\u00e7oamos os equipamentos de laborat\u00f3rio e fortalecemos as regras de controle de qualidade.<\/div>\n<\/div>\n<\/div>\n<div class=\"item\">\n<div class=\"timeBox\">\n<div class=\"timeTitle\">Construir o novo armaz\u00e9m e oficina<\/div>\n<div class=\"timeText\">Em 2013, constru\u00edmos um novo armaz\u00e9m e oficina de 12000 metros quadrados. Conquistamos as licita\u00e7\u00f5es no Qu\u00eania e Dominica. E conclu\u00edmos com sucesso o projeto na R\u00fassia.<\/div>\n<\/div>\n<\/div>\n<div class=\"item\">\n<div class=\"timeBox\">\n<div class=\"timeTitle\">M\u00e1quina autom\u00e1tica de bra\u00e7o cruzado entra em uso<\/div>\n<div class=\"timeText\">Em 2015, melhoramos a m\u00e1quina autom\u00e1tica para fazer o bra\u00e7o transversal, dessa forma, a toler\u00e2ncia foi controlada em 1 mm. Todas as antigas m\u00e1quinas de perfura\u00e7\u00e3o foram eliminadas. A capacidade do produto aumentou em 100%.<\/div>\n<\/div>\n<\/div>\n<div class=\"item\">\n<div class=\"timeBox\">\n<div class=\"timeTitle\">Fornecimento de servi\u00e7os e solu\u00e7\u00f5es em design e fabrica\u00e7\u00e3o de produtos<\/div>\n<div class=\"timeText\">Em 2018, o departamento t\u00e9cnico faz pesquisas sobre o design de acess\u00f3rios ADSS\/OPGW. Tentamos fornecer servi\u00e7os e solu\u00e7\u00f5es para design e fabrica\u00e7\u00e3o de produtos.<\/div>\n<\/div>\n<\/div>\n<\/div>\n<\/div>\n<\/div>\n<\/div>\n<\/div>\n<div id=\"aboutProcess\" class=\"paddTop70 paddBottom50\">\n<div class=\"container\">\n<div class=\"row cust-row\">\n<div class=\"col-sm-12 text-center\">\n<h2 class=\"capLet paddBottom55\">Processo de fabrica\u00e7\u00e3o principal<\/h2>\n<\/div>\n<\/div>\n<div class=\"row cust-row\">\n<div class=\"col-sm-6 col-md-3 paddBottom35\">\n<div class=\"processBox\">\n<div class=\"proImg\"><img decoding=\"async\" class=\"img-responsive\" src=\"\/wp-content\/uploads\/2018\/05\/process-1.jpg\" alt=\"\" \/><\/div>\n<div class=\"proTitle\"><a>Fundi\u00e7\u00e3o<\/a><\/div>\n<\/div>\n<\/div>\n<div class=\"col-sm-6 col-md-3 paddBottom35\">\n<div class=\"processBox\">\n<div class=\"proImg\"><img decoding=\"async\" class=\"img-responsive\" src=\"\/wp-content\/uploads\/2018\/05\/process-2.jpg\" alt=\"\" \/><\/div>\n<div class=\"proTitle\"><a>Ponche frio<\/a><\/div>\n<\/div>\n<\/div>\n<div class=\"col-sm-6 col-md-3 paddBottom35\">\n<div class=\"processBox\">\n<div class=\"proImg\"><img decoding=\"async\" class=\"img-responsive\" src=\"\/wp-content\/uploads\/2018\/05\/process-3.jpg\" alt=\"\" \/><\/div>\n<div class=\"proTitle\"><a>Forjado<\/a><\/div>\n<\/div>\n<\/div>\n<div class=\"col-sm-6 col-md-3 paddBottom35\">\n<div class=\"processBox\">\n<div class=\"proImg\"><img decoding=\"async\" class=\"img-responsive\" src=\"\/wp-content\/uploads\/2018\/05\/process-4.jpg\" alt=\"\" \/><\/div>\n<div class=\"proTitle\"><a>Soldagem<\/a><\/div>\n<\/div>\n<\/div>\n<div class=\"col-sm-6 col-md-3 paddBottom35\">\n<div class=\"processBox\">\n<div class=\"proImg\"><img decoding=\"async\" class=\"img-responsive\" src=\"\/wp-content\/uploads\/2018\/05\/process-5.jpg\" alt=\"\" \/><\/div>\n<div class=\"proTitle\"><a>Aquecimento<\/a><\/div>\n<\/div>\n<\/div>\n<div class=\"col-sm-6 col-md-3 paddBottom35\">\n<div class=\"processBox\">\n<div class=\"proImg\"><img decoding=\"async\" class=\"img-responsive\" src=\"\/wp-content\/uploads\/2018\/05\/process-6.jpg\" alt=\"\" \/><\/div>\n<div class=\"proTitle\"><a>M\u00e1quina Autom\u00e1tica<\/a><\/div>\n<\/div>\n<\/div>\n<div class=\"col-sm-6 col-md-3 paddBottom35\">\n<div class=\"processBox\">\n<div class=\"proImg\"><img decoding=\"async\" class=\"img-responsive\" src=\"\/wp-content\/uploads\/2018\/05\/process-7.jpg\" alt=\"\" \/><\/div>\n<div class=\"proTitle\"><a>Teste de carga<\/a><\/div>\n<\/div>\n<\/div>\n<div class=\"col-sm-6 col-md-3 paddBottom35\">\n<div class=\"processBox\">\n<div class=\"proImg\"><img decoding=\"async\" class=\"img-responsive\" src=\"\/wp-content\/uploads\/2018\/05\/process-8.jpg\" alt=\"\" \/><\/div>\n<div class=\"proTitle\"><a>Embalagem<\/a><\/div>\n<\/div>\n<\/div>\n<\/div>\n<\/div>\n<\/div>\n<div id=\"customerWrapper\" class=\"paddTop55\">\n<div class=\"container\">\n<div class=\"row cust-row\">\n<div class=\"col-sm-12 text-center\">\n<h2 class=\"capLet paddBottom25\">RAX Industry com o cliente<\/h2>\n<\/div>\n<div class=\"col-sm-3 cust-col-5\">\n<div class=\"custBox\"><img decoding=\"async\" class=\"img-responsive\" src=\"\/wp-content\/uploads\/2018\/05\/customer-1.png\" alt=\"\" \/><\/div>\n<\/div>\n<div class=\"col-sm-3 cust-col-5\">\n<div class=\"custBox\"><img decoding=\"async\" class=\"img-responsive\" src=\"\/wp-content\/uploads\/2018\/05\/customer-2.png\" alt=\"\" \/><\/div>\n<\/div>\n<div class=\"col-sm-3 cust-col-5\">\n<div class=\"custBox\"><img decoding=\"async\" class=\"img-responsive\" src=\"\/wp-content\/uploads\/2018\/05\/customer-3.png\" alt=\"\" \/><\/div>\n<\/div>\n<div class=\"col-sm-3 cust-col-5\">\n<div class=\"custBox\"><img decoding=\"async\" class=\"img-responsive\" src=\"\/wp-content\/uploads\/2018\/05\/customer-4.png\" alt=\"\" \/><\/div>\n<\/div>\n<div class=\"col-sm-3 cust-col-5\">\n<div class=\"custBox\"><img decoding=\"async\" class=\"img-responsive\" src=\"\/wp-content\/uploads\/2018\/05\/customer-5.png\" alt=\"\" \/><\/div>\n<\/div>\n<\/div>\n<\/div>\n<\/div>\n<div class=\"paddTop40 paddBottom60 text-center\"><a class=\"fancybox-inline commonBtn blueBtn\" href=\"#contactPopUpForm\">Torne-se nosso pr\u00f3ximo cliente!<\/a><\/div>","protected":false},"excerpt":{"rendered":"<p>Sobre a RAX Industry 21 anos de experi\u00eancia em exporta\u00e7\u00e3o Controle de qualidade Conhecendo rigorosamente o padr\u00e3o de inspe\u00e7\u00e3o Grande capacidade de produ\u00e7\u00e3o Envie-nos sua consulta A RAX Industry \u00e9 a fabricante l\u00edder de ferragens para linhas de postes A RAX Industry \u00e9 a fabricante l\u00edder de ferragens para linhas de postes, bra\u00e7os de ilumina\u00e7\u00e3o p\u00fablica, bra\u00e7adeiras de linha de transmiss\u00e3o, bra\u00e7adeiras de suspens\u00e3o e acess\u00f3rios ADSS\/OPGW na China. [\u2026]<\/p>","protected":false},"author":1,"featured_media":0,"parent":0,"menu_order":6,"comment_status":"closed","ping_status":"closed","template":"","meta":{"_acf_changed":false,"site-sidebar-layout":"no-sidebar","site-content-layout":"page-builder","ast-site-content-layout":"full-width-container","site-content-style":"unboxed","site-sidebar-style":"unboxed","ast-global-header-display":"","ast-banner-title-visibility":"","ast-main-header-display":"","ast-hfb-above-header-display":"","ast-hfb-below-header-display":"","ast-hfb-mobile-header-display":"","site-post-title":"disabled","ast-breadcrumbs-content":"","ast-featured-img":"disabled","footer-sml-layout":"","ast-disable-related-posts":"","theme-transparent-header-meta":"default","adv-header-id-meta":"","stick-header-meta":"default","header-above-stick-meta":"","header-main-stick-meta":"","header-below-stick-meta":"","astra-migrate-meta-layouts":"set","ast-page-background-enabled":"default","ast-page-background-meta":{"desktop":{"background-color":"","background-image":"","background-repeat":"repeat","background-position":"center center","background-size":"auto","background-attachment":"scroll","background-type":"","background-media":"","overlay-type":"","overlay-color":"","overlay-opacity":"","overlay-gradient":""},"tablet":{"background-color":"","background-image":"","background-repeat":"repeat","background-position":"center center","background-size":"auto","background-attachment":"scroll","background-type":"","background-media":"","overlay-type":"","overlay-color":"","overlay-opacity":"","overlay-gradient":""},"mobile":{"background-color":"","background-image":"","background-repeat":"repeat","background-position":"center center","background-size":"auto","background-attachment":"scroll","background-type":"","background-media":"","overlay-type":"","overlay-color":"","overlay-opacity":"","overlay-gradient":""}},"ast-content-background-meta":{"desktop":{"background-color":"var(--ast-global-color-5)","background-image":"","background-repeat":"repeat","background-position":"center center","background-size":"auto","background-attachment":"scroll","background-type":"","background-media":"","overlay-type":"","overlay-color":"","overlay-opacity":"","overlay-gradient":""},"tablet":{"background-color":"var(--ast-global-color-5)","background-image":"","background-repeat":"repeat","background-position":"center center","background-size":"auto","background-attachment":"scroll","background-type":"","background-media":"","overlay-type":"","overlay-color":"","overlay-opacity":"","overlay-gradient":""},"mobile":{"background-color":"var(--ast-global-color-5)","background-image":"","background-repeat":"repeat","background-position":"center center","background-size":"auto","background-attachment":"scroll","background-type":"","background-media":"","overlay-type":"","overlay-color":"","overlay-opacity":"","overlay-gradient":""}},"footnotes":""},"class_list":["post-11","page","type-page","status-publish","hentry"],"acf":[],"yoast_head":"<!-- This site is optimized with the Yoast SEO plugin v27.5 - https:\/\/yoast.com\/product\/yoast-seo-wordpress\/ -->\n<title>About Us - Rax Industry<\/title>\n<meta name=\"description\" content=\"RAX Industry is the leading manufacturer of pole line hardware, street light arms, transmission line clamps, suspension clamps, and ADSS\/OPGW accessories in China.\" \/>\n<meta name=\"robots\" content=\"index, follow, max-snippet:-1, max-image-preview:large, max-video-preview:-1\" \/>\n<link rel=\"canonical\" href=\"https:\/\/www.hbjinyong.com\/pt\/about-us\/\" \/>\n<meta property=\"og:locale\" content=\"pt_PT\" \/>\n<meta property=\"og:type\" content=\"article\" \/>\n<meta property=\"og:title\" content=\"About Us - Rax Industry\" \/>\n<meta property=\"og:description\" content=\"RAX Industry is the leading manufacturer of pole line hardware, street light arms, transmission line clamps, suspension clamps, and ADSS\/OPGW accessories in China.\" \/>\n<meta property=\"og:url\" content=\"https:\/\/www.hbjinyong.com\/pt\/about-us\/\" \/>\n<meta property=\"og:site_name\" content=\"Rax Industry\" \/>\n<meta property=\"article:modified_time\" content=\"2024-12-11T03:31:28+00:00\" \/>\n<meta name=\"twitter:card\" content=\"summary_large_image\" \/>\n<meta name=\"twitter:label1\" content=\"Tempo estimado de leitura\" \/>\n\t<meta name=\"twitter:data1\" content=\"5 minutos\" \/>\n<script type=\"application\/ld+json\" class=\"yoast-schema-graph\">{\"@context\":\"https:\\\/\\\/schema.org\",\"@graph\":[{\"@type\":\"WebPage\",\"@id\":\"https:\\\/\\\/www.hbjinyong.com\\\/about-us\\\/\",\"url\":\"https:\\\/\\\/www.hbjinyong.com\\\/about-us\\\/\",\"name\":\"About Us - Rax Industry\",\"isPartOf\":{\"@id\":\"https:\\\/\\\/www.hbjinyong.com\\\/#website\"},\"datePublished\":\"2018-05-04T11:57:34+00:00\",\"dateModified\":\"2024-12-11T03:31:28+00:00\",\"description\":\"RAX Industry is the leading manufacturer of pole line hardware, street light arms, transmission line clamps, suspension clamps, and ADSS\\\/OPGW accessories in China.\",\"breadcrumb\":{\"@id\":\"https:\\\/\\\/www.hbjinyong.com\\\/about-us\\\/#breadcrumb\"},\"inLanguage\":\"pt-PT\",\"potentialAction\":[{\"@type\":\"ReadAction\",\"target\":[\"https:\\\/\\\/www.hbjinyong.com\\\/about-us\\\/\"]}]},{\"@type\":\"BreadcrumbList\",\"@id\":\"https:\\\/\\\/www.hbjinyong.com\\\/about-us\\\/#breadcrumb\",\"itemListElement\":[{\"@type\":\"ListItem\",\"position\":1,\"name\":\"Home\",\"item\":\"https:\\\/\\\/www.hbjinyong.com\\\/\"},{\"@type\":\"ListItem\",\"position\":2,\"name\":\"About Us\"}]},{\"@type\":\"WebSite\",\"@id\":\"https:\\\/\\\/www.hbjinyong.com\\\/#website\",\"url\":\"https:\\\/\\\/www.hbjinyong.com\\\/\",\"name\":\"Rax Industry\",\"description\":\"\",\"publisher\":{\"@id\":\"https:\\\/\\\/www.hbjinyong.com\\\/#organization\"},\"potentialAction\":[{\"@type\":\"SearchAction\",\"target\":{\"@type\":\"EntryPoint\",\"urlTemplate\":\"https:\\\/\\\/www.hbjinyong.com\\\/?s={search_term_string}\"},\"query-input\":{\"@type\":\"PropertyValueSpecification\",\"valueRequired\":true,\"valueName\":\"search_term_string\"}}],\"inLanguage\":\"pt-PT\"},{\"@type\":\"Organization\",\"@id\":\"https:\\\/\\\/www.hbjinyong.com\\\/#organization\",\"name\":\"Jingyoung\",\"url\":\"https:\\\/\\\/www.hbjinyong.com\\\/\",\"logo\":{\"@type\":\"ImageObject\",\"inLanguage\":\"pt-PT\",\"@id\":\"https:\\\/\\\/www.hbjinyong.com\\\/#\\\/schema\\\/logo\\\/image\\\/\",\"url\":\"\",\"contentUrl\":\"\",\"caption\":\"Jingyoung\"},\"image\":{\"@id\":\"https:\\\/\\\/www.hbjinyong.com\\\/#\\\/schema\\\/logo\\\/image\\\/\"}}]}<\/script>\n<!-- \/ Yoast SEO plugin. -->","yoast_head_json":{"title":"Sobre n\u00f3s - Rax Industry","description":"A RAX Industry \u00e9 a fabricante l\u00edder de ferragens para linhas de postes, bra\u00e7os de ilumina\u00e7\u00e3o p\u00fablica, bra\u00e7adeiras para linhas de transmiss\u00e3o, bra\u00e7adeiras de suspens\u00e3o e acess\u00f3rios ADSS\/OPGW na China.","robots":{"index":"index","follow":"follow","max-snippet":"max-snippet:-1","max-image-preview":"max-image-preview:large","max-video-preview":"max-video-preview:-1"},"canonical":"https:\/\/www.hbjinyong.com\/pt\/about-us\/","og_locale":"pt_PT","og_type":"article","og_title":"About Us - Rax Industry","og_description":"RAX Industry is the leading manufacturer of pole line hardware, street light arms, transmission line clamps, suspension clamps, and ADSS\/OPGW accessories in China.","og_url":"https:\/\/www.hbjinyong.com\/pt\/about-us\/","og_site_name":"Rax Industry","article_modified_time":"2024-12-11T03:31:28+00:00","twitter_card":"summary_large_image","twitter_misc":{"Tempo estimado de leitura":"5 minutos"},"schema":{"@context":"https:\/\/schema.org","@graph":[{"@type":"WebPage","@id":"https:\/\/www.hbjinyong.com\/about-us\/","url":"https:\/\/www.hbjinyong.com\/about-us\/","name":"Sobre n\u00f3s - Rax Industry","isPartOf":{"@id":"https:\/\/www.hbjinyong.com\/#website"},"datePublished":"2018-05-04T11:57:34+00:00","dateModified":"2024-12-11T03:31:28+00:00","description":"A RAX Industry \u00e9 a fabricante l\u00edder de ferragens para linhas de postes, bra\u00e7os de ilumina\u00e7\u00e3o p\u00fablica, bra\u00e7adeiras para linhas de transmiss\u00e3o, bra\u00e7adeiras de suspens\u00e3o e acess\u00f3rios ADSS\/OPGW na China.","breadcrumb":{"@id":"https:\/\/www.hbjinyong.com\/about-us\/#breadcrumb"},"inLanguage":"pt-PT","potentialAction":[{"@type":"ReadAction","target":["https:\/\/www.hbjinyong.com\/about-us\/"]}]},{"@type":"BreadcrumbList","@id":"https:\/\/www.hbjinyong.com\/about-us\/#breadcrumb","itemListElement":[{"@type":"ListItem","position":1,"name":"Home","item":"https:\/\/www.hbjinyong.com\/"},{"@type":"ListItem","position":2,"name":"About Us"}]},{"@type":"WebSite","@id":"https:\/\/www.hbjinyong.com\/#website","url":"https:\/\/www.hbjinyong.com\/","name":"Rax Industry","description":"","publisher":{"@id":"https:\/\/www.hbjinyong.com\/#organization"},"potentialAction":[{"@type":"SearchAction","target":{"@type":"EntryPoint","urlTemplate":"https:\/\/www.hbjinyong.com\/?s={search_term_string}"},"query-input":{"@type":"PropertyValueSpecification","valueRequired":true,"valueName":"search_term_string"}}],"inLanguage":"pt-PT"},{"@type":"Organization","@id":"https:\/\/www.hbjinyong.com\/#organization","name":"Jingyoung","url":"https:\/\/www.hbjinyong.com\/","logo":{"@type":"ImageObject","inLanguage":"pt-PT","@id":"https:\/\/www.hbjinyong.com\/#\/schema\/logo\/image\/","url":"","contentUrl":"","caption":"Jingyoung"},"image":{"@id":"https:\/\/www.hbjinyong.com\/#\/schema\/logo\/image\/"}}]}},"_links":{"self":[{"href":"https:\/\/www.hbjinyong.com\/pt\/wp-json\/wp\/v2\/pages\/11","targetHints":{"allow":["GET"]}}],"collection":[{"href":"https:\/\/www.hbjinyong.com\/pt\/wp-json\/wp\/v2\/pages"}],"about":[{"href":"https:\/\/www.hbjinyong.com\/pt\/wp-json\/wp\/v2\/types\/page"}],"author":[{"embeddable":true,"href":"https:\/\/www.hbjinyong.com\/pt\/wp-json\/wp\/v2\/users\/1"}],"replies":[{"embeddable":true,"href":"https:\/\/www.hbjinyong.com\/pt\/wp-json\/wp\/v2\/comments?post=11"}],"version-history":[{"count":0,"href":"https:\/\/www.hbjinyong.com\/pt\/wp-json\/wp\/v2\/pages\/11\/revisions"}],"wp:attachment":[{"href":"https:\/\/www.hbjinyong.com\/pt\/wp-json\/wp\/v2\/media?parent=11"}],"curies":[{"name":"wp","href":"https:\/\/api.w.org\/{rel}","templated":true}]}}