{"id":11,"date":"2018-05-04T11:57:34","date_gmt":"2018-05-04T11:57:34","guid":{"rendered":"http:\/\/jinyong.digitalpixels.co\/?page_id=11"},"modified":"2024-12-11T03:31:28","modified_gmt":"2024-12-11T03:31:28","slug":"about-us","status":"publish","type":"page","link":"https:\/\/www.hbjinyong.com\/tr\/about-us\/","title":{"rendered":"Hakk\u0131m\u0131zda"},"content":{"rendered":"<div id=\"aboutIntro\" class=\"paddTop60 paddBottom55\">\n<div class=\"container\">\n<div class=\"row cust-row\">\n<div class=\"col-sm-6 paddBottom80\"><div id=\"custom_html-11\" class=\"widget_text widget-container widget_custom_html\"><div class=\"textwidget custom-html-widget\"><ul class=\"aboutSlider\">\r\n<li class=\"slide\"><img decoding=\"async\" src=\"\/wp-content\/uploads\/2018\/05\/about-img.jpg\" alt=\"\"><\/li>\r\n<li class=\"slide\"><img decoding=\"async\" src=\"\/wp-content\/uploads\/2018\/06\/about-us-img3.jpg\" alt=\"\"><\/li>\r\n<li class=\"slide\"><img decoding=\"async\" src=\"\/wp-content\/uploads\/2018\/06\/about-us-img4.jpg\" alt=\"\"><\/li>\r\n<\/ul><\/div><\/div><\/div>\n<div class=\"col-sm-6 paddBottom80\">\n<h1 class=\"capLet bottomSeprater paddBottom20\" style=\"margin-bottom: 25px !important;\">RAX End\u00fcstrisi Hakk\u0131nda<\/h1>\n<div class=\"commonPoints aboutList\">\n<ul>\n<li>21 Y\u0131ll\u0131k \u0130hracat Deneyimi<\/li>\n<li>Kalite Kontrol S\u0131k\u0131ca<\/li>\n<li>Denetleme Standard\u0131n\u0131 Bilmek<\/li>\n<li>B\u00fcy\u00fck \u00dcretim Kapasitesi<\/li>\n<\/ul>\n<\/div>\n<div class=\"paddTop15\"><a class=\"fancybox-inline commonBtn blueBtn\" href=\"#contactPopUpForm\">Sorunuzu Bize G\u00f6nderin<\/a><\/div>\n<\/div>\n<\/div>\n<div class=\"row cust-row\">\n<div class=\"col-sm-12\">\n<h2 class=\"capLet paddBottom65\" style=\"text-align: center;\">RAX Industry, Direk Hatt\u0131 Donan\u0131m\u0131n\u0131n Lider \u00dcreticisidir<\/h2>\n<p>RAX Industry, \u00c7in&#039;de direk hatt\u0131 donan\u0131m\u0131, sokak lambas\u0131 kollar\u0131, iletim hatt\u0131 kelep\u00e7eleri, ask\u0131 kelep\u00e7eleri ve ADSS\/OPGW aksesuarlar\u0131n\u0131n lider \u00fcreticisidir.<\/p>\n<p>RAX End\u00fcstri 21 y\u0131ld\u0131r direk hatt\u0131 donan\u0131mlar\u0131 \u00fcretiyor ve bir\u00e7ok \u00fclkede pazara a\u00e7\u0131l\u0131yor.<\/p>\n<p><b>M\u00fc\u015fteriler neden RAX Industry\u2019ye g\u00fcveniyor?<\/b><\/p>\n<p>RAX End\u00fcstri QC ekibi kaliteyi s\u0131k\u0131 standartlarla kontrol eder.<\/p>\n<p>Yarat\u0131c\u0131 RAX Industry ekibi, boyutland\u0131rmay\u0131 do\u011fru tutmak ve teslimat\u0131n\u0131z\u0131 zaman\u0131nda yapmak i\u00e7in Automatica makinesini kulland\u0131. Binlerce yar\u0131 otomatik kal\u0131p \u00fcretimi ve verimlili\u011fi art\u0131rd\u0131. T\u00fcm \u00fcr\u00fcnler paketlenmeden \u00f6nce iki kez incelenir.<\/p>\n<p>S\u0131cak dald\u0131rma galvanizlemede lider teknolojiye sahibiz ve s\u0131v\u0131n\u0131n s\u0131cakl\u0131\u011f\u0131n\u0131 ba\u015far\u0131yla kontrol ediyoruz. Bu \u015fekilde, t\u00fcm galvanizli direk hatt\u0131 donan\u0131m y\u00fczeyleri p\u00fcr\u00fczs\u00fcz ve parlakt\u0131r, nerv\u00fcr, yumru ve eksiklik yoktur.<\/p>\n<p>RAX End\u00fcstri OEM hizmetleri sunmaktad\u0131r. \u0130yi bir tasar\u0131ma veya standart d\u0131\u015f\u0131 direk hatt\u0131 donan\u0131m\u0131n\u0131z varsa bize bir numune, \u00e7izim, foto\u011fraf veya sadece bir fikir g\u00f6nderin, ekibimiz tasar\u0131m\u0131n\u0131z\u0131 ger\u00e7e\u011fe d\u00f6n\u00fc\u015ft\u00fcrmek i\u00e7in yeni bir kal\u0131p yapacakt\u0131r.<\/p>\n<p>S\u00fcreci biliyoruz, pazar\u0131 biliyoruz, sizi biliyoruz. RAX Industry ile \u00e7al\u0131\u015fman\u0131zda hi\u00e7bir sorun ve ekstra maliyet yok.<\/p>\n<\/div>\n<\/div>\n<\/div>\n<\/div>\n<div id=\"timeline\" class=\"paddTop50 paddBottom60\">\n<div class=\"container\">\n<div class=\"row cust-row\">\n<div class=\"col-sm-12 text-center\">\n<h2 class=\"capLet clrWhite paddBottom60\">RAX End\u00fcstri Tarihi<\/h2>\n<\/div>\n<div class=\"col-sm-12 col-lg-offset-1 col-lg-10\">\n<div class=\"time-line\"><\/div>\n<div class=\"slider time-nav\">\n<div class=\"item\">\n<div class=\"timeIcon\"><b>2006<\/b><\/div>\n<\/div>\n<div class=\"item timeUp\">\n<div class=\"timeIcon\"><b>2008<\/b><\/div>\n<\/div>\n<div class=\"item\">\n<div class=\"timeIcon\"><b>2010<\/b><\/div>\n<\/div>\n<div class=\"item timeUp\">\n<div class=\"timeIcon\"><b>2013<\/b><\/div>\n<\/div>\n<div class=\"item\">\n<div class=\"timeIcon\"><b>2015<\/b><\/div>\n<\/div>\n<div class=\"item timeUp\">\n<div class=\"timeIcon\"><b>2018<\/b><\/div>\n<\/div>\n<\/div>\n<\/div>\n<div class=\"col-sm-12 col-lg-offset-2 col-lg-8 paddTop85\">\n<div class=\"slider time-for\">\n<div class=\"item\">\n<div class=\"timeBox\">\n<div class=\"timeTitle\">\u201cYarat\u0131c\u0131 ilk on gen\u00e7\u201d Sertifikas\u0131<\/div>\n<div class=\"timeText\">2006 y\u0131l\u0131nda, d\u00f6vme \u00fczerinde uzun y\u0131llar \u00e7al\u0131\u015fma deneyimine dayanarak, CEO Bay Liu, adam kelep\u00e7esi yapma teknolojisini geli\u015ftirdi, ayn\u0131 zamanda &quot;yarat\u0131c\u0131 ilk on gen\u00e7&quot; sertifikas\u0131n\u0131 ald\u0131. B\u00f6ylece, direk hatt\u0131 donan\u0131m\u0131 yap\u0131m\u0131ndaki verimlilik iki kat\u0131na \u00e7\u0131kar\u0131ld\u0131.<\/div>\n<\/div>\n<\/div>\n<div class=\"item\">\n<div class=\"timeBox\">\n<div class=\"timeTitle\">S\u0131cak Dald\u0131rma Galvaniz Teknolojisi Yeni Bir \u00dcst Seviyeye \u00c7\u0131kar\u0131ld\u0131<\/div>\n<div class=\"timeText\">2008 y\u0131l\u0131nda s\u0131cak dald\u0131rma galvanizleme teknolojisi geli\u015ftirilerek galvaniz kal\u0131nl\u0131\u011f\u0131 ISO1461 standard\u0131na ula\u015f\u0131ld\u0131. T\u00fcm direk hatt\u0131 donan\u0131mlar\u0131 galvanizleme sorunu olmadan d\u00fcnyan\u0131n her yerine ihra\u00e7 edildi.<\/div>\n<\/div>\n<\/div>\n<div class=\"item\">\n<div class=\"timeBox\">\n<div class=\"timeTitle\">Guy Grip \u00dcretim Hatt\u0131 kuruldu<\/div>\n<div class=\"timeText\">2010 y\u0131l\u0131nda guy grip \u00fcretim hatt\u0131n\u0131 b\u00fcnyemize katt\u0131k ve o tarihten itibaren 2010 y\u0131l\u0131nda sat\u0131\u015f miktar\u0131m\u0131z\u0131 iki kat\u0131na \u00e7\u0131kard\u0131k, ayn\u0131 zamanda laboratuvar ekipmanlar\u0131m\u0131z\u0131 m\u00fckemmelle\u015ftirdik ve QC kontrol kurallar\u0131m\u0131z\u0131 g\u00fc\u00e7lendirdik.<\/div>\n<\/div>\n<\/div>\n<div class=\"item\">\n<div class=\"timeBox\">\n<div class=\"timeTitle\">Yeni depo ve at\u00f6lyeyi in\u015fa edin<\/div>\n<div class=\"timeText\">2013 y\u0131l\u0131nda 12000 metrekarelik yeni bir depo ve at\u00f6lye in\u015fa ettik. Kenya ve Dominika&#039;da ihaleleri ald\u0131k. Ve Rusya&#039;daki projeyi ba\u015far\u0131yla tamamlad\u0131k.<\/div>\n<\/div>\n<\/div>\n<div class=\"item\">\n<div class=\"timeBox\">\n<div class=\"timeTitle\">\u00c7apraz kollu otomatik makine devreye giriyor<\/div>\n<div class=\"timeText\">2015 y\u0131l\u0131nda \u00e7apraz kol yapmak i\u00e7in otomatik makineyi geli\u015ftirdik, bu \u015fekilde tolerans 1mm&#039;de kontrol edildi. T\u00fcm eski delme makineleri ay\u0131kland\u0131. \u00dcr\u00fcn kapasitesi 100% artt\u0131.<\/div>\n<\/div>\n<\/div>\n<div class=\"item\">\n<div class=\"timeBox\">\n<div class=\"timeTitle\">\u00dcr\u00fcn tasar\u0131m\u0131 ve imalat\u0131 konusunda tedarik hizmeti ve \u00e7\u00f6z\u00fcm\u00fc<\/div>\n<div class=\"timeText\">2018 y\u0131l\u0131nda, Teknik b\u00f6l\u00fcm ADSS\/OPGW aksesuar tasar\u0131m\u0131 \u00fczerine ara\u015ft\u0131rma yapmaktad\u0131r. \u00dcr\u00fcn tasar\u0131m\u0131 ve \u00fcretimi i\u00e7in hizmet ve \u00e7\u00f6z\u00fcmler sunmaya \u00e7al\u0131\u015f\u0131yoruz.<\/div>\n<\/div>\n<\/div>\n<\/div>\n<\/div>\n<\/div>\n<\/div>\n<\/div>\n<div id=\"aboutProcess\" class=\"paddTop70 paddBottom50\">\n<div class=\"container\">\n<div class=\"row cust-row\">\n<div class=\"col-sm-12 text-center\">\n<h2 class=\"capLet paddBottom55\">Ana \u00dcretim S\u00fcreci<\/h2>\n<\/div>\n<\/div>\n<div class=\"row cust-row\">\n<div class=\"col-sm-6 col-md-3 paddBottom35\">\n<div class=\"processBox\">\n<div class=\"proImg\"><img decoding=\"async\" class=\"img-responsive\" src=\"\/wp-content\/uploads\/2018\/05\/process-1.jpg\" alt=\"\" \/><\/div>\n<div class=\"proTitle\"><a>D\u00f6k\u00fcm<\/a><\/div>\n<\/div>\n<\/div>\n<div class=\"col-sm-6 col-md-3 paddBottom35\">\n<div class=\"processBox\">\n<div class=\"proImg\"><img decoding=\"async\" class=\"img-responsive\" src=\"\/wp-content\/uploads\/2018\/05\/process-2.jpg\" alt=\"\" \/><\/div>\n<div class=\"proTitle\"><a>So\u011fuk yumruk<\/a><\/div>\n<\/div>\n<\/div>\n<div class=\"col-sm-6 col-md-3 paddBottom35\">\n<div class=\"processBox\">\n<div class=\"proImg\"><img decoding=\"async\" class=\"img-responsive\" src=\"\/wp-content\/uploads\/2018\/05\/process-3.jpg\" alt=\"\" \/><\/div>\n<div class=\"proTitle\"><a>D\u00f6vme<\/a><\/div>\n<\/div>\n<\/div>\n<div class=\"col-sm-6 col-md-3 paddBottom35\">\n<div class=\"processBox\">\n<div class=\"proImg\"><img decoding=\"async\" class=\"img-responsive\" src=\"\/wp-content\/uploads\/2018\/05\/process-4.jpg\" alt=\"\" \/><\/div>\n<div class=\"proTitle\"><a>Kaynak<\/a><\/div>\n<\/div>\n<\/div>\n<div class=\"col-sm-6 col-md-3 paddBottom35\">\n<div class=\"processBox\">\n<div class=\"proImg\"><img decoding=\"async\" class=\"img-responsive\" src=\"\/wp-content\/uploads\/2018\/05\/process-5.jpg\" alt=\"\" \/><\/div>\n<div class=\"proTitle\"><a>Is\u0131tma<\/a><\/div>\n<\/div>\n<\/div>\n<div class=\"col-sm-6 col-md-3 paddBottom35\">\n<div class=\"processBox\">\n<div class=\"proImg\"><img decoding=\"async\" class=\"img-responsive\" src=\"\/wp-content\/uploads\/2018\/05\/process-6.jpg\" alt=\"\" \/><\/div>\n<div class=\"proTitle\"><a>Otomatik Makine<\/a><\/div>\n<\/div>\n<\/div>\n<div class=\"col-sm-6 col-md-3 paddBottom35\">\n<div class=\"processBox\">\n<div class=\"proImg\"><img decoding=\"async\" class=\"img-responsive\" src=\"\/wp-content\/uploads\/2018\/05\/process-7.jpg\" alt=\"\" \/><\/div>\n<div class=\"proTitle\"><a>Y\u00fck Testi<\/a><\/div>\n<\/div>\n<\/div>\n<div class=\"col-sm-6 col-md-3 paddBottom35\">\n<div class=\"processBox\">\n<div class=\"proImg\"><img decoding=\"async\" class=\"img-responsive\" src=\"\/wp-content\/uploads\/2018\/05\/process-8.jpg\" alt=\"\" \/><\/div>\n<div class=\"proTitle\"><a>Paketleme<\/a><\/div>\n<\/div>\n<\/div>\n<\/div>\n<\/div>\n<\/div>\n<div id=\"customerWrapper\" class=\"paddTop55\">\n<div class=\"container\">\n<div class=\"row cust-row\">\n<div class=\"col-sm-12 text-center\">\n<h2 class=\"capLet paddBottom25\">RAX End\u00fcstrisi M\u00fc\u015fteriyle<\/h2>\n<\/div>\n<div class=\"col-sm-3 cust-col-5\">\n<div class=\"custBox\"><img decoding=\"async\" class=\"img-responsive\" src=\"\/wp-content\/uploads\/2018\/05\/customer-1.png\" alt=\"\" \/><\/div>\n<\/div>\n<div class=\"col-sm-3 cust-col-5\">\n<div class=\"custBox\"><img decoding=\"async\" class=\"img-responsive\" src=\"\/wp-content\/uploads\/2018\/05\/customer-2.png\" alt=\"\" \/><\/div>\n<\/div>\n<div class=\"col-sm-3 cust-col-5\">\n<div class=\"custBox\"><img decoding=\"async\" class=\"img-responsive\" src=\"\/wp-content\/uploads\/2018\/05\/customer-3.png\" alt=\"\" \/><\/div>\n<\/div>\n<div class=\"col-sm-3 cust-col-5\">\n<div class=\"custBox\"><img decoding=\"async\" class=\"img-responsive\" src=\"\/wp-content\/uploads\/2018\/05\/customer-4.png\" alt=\"\" \/><\/div>\n<\/div>\n<div class=\"col-sm-3 cust-col-5\">\n<div class=\"custBox\"><img decoding=\"async\" class=\"img-responsive\" src=\"\/wp-content\/uploads\/2018\/05\/customer-5.png\" alt=\"\" \/><\/div>\n<\/div>\n<\/div>\n<\/div>\n<\/div>\n<div class=\"paddTop40 paddBottom60 text-center\"><a class=\"fancybox-inline commonBtn blueBtn\" href=\"#contactPopUpForm\">Bir Sonraki M\u00fc\u015fterimiz Olun!<\/a><\/div>","protected":false},"excerpt":{"rendered":"<p>RAX Industry Hakk\u0131nda 21 Y\u0131ll\u0131k \u0130hracat Deneyimi Kalite Kontrol Muayene Standard\u0131n\u0131 Kesin Olarak Bilmek B\u00fcy\u00fck \u00dcretim Kapasitesi Bize Sorunuzu G\u00f6nderin RAX Industry Direk Hatt\u0131 Donan\u0131m\u0131n\u0131n Lider \u00dcreticisidir RAX Industry, \u00c7in&#039;de direk hatt\u0131 donan\u0131m\u0131, sokak lambas\u0131 kollar\u0131, iletim hatt\u0131 kelep\u00e7eleri, s\u00fcspansiyon kelep\u00e7eleri ve ADSS\/OPGW aksesuarlar\u0131n\u0131n lider \u00fcreticisidir. [\u2026]<\/p>","protected":false},"author":1,"featured_media":0,"parent":0,"menu_order":6,"comment_status":"closed","ping_status":"closed","template":"","meta":{"_acf_changed":false,"site-sidebar-layout":"no-sidebar","site-content-layout":"page-builder","ast-site-content-layout":"full-width-container","site-content-style":"unboxed","site-sidebar-style":"unboxed","ast-global-header-display":"","ast-banner-title-visibility":"","ast-main-header-display":"","ast-hfb-above-header-display":"","ast-hfb-below-header-display":"","ast-hfb-mobile-header-display":"","site-post-title":"disabled","ast-breadcrumbs-content":"","ast-featured-img":"disabled","footer-sml-layout":"","ast-disable-related-posts":"","theme-transparent-header-meta":"default","adv-header-id-meta":"","stick-header-meta":"default","header-above-stick-meta":"","header-main-stick-meta":"","header-below-stick-meta":"","astra-migrate-meta-layouts":"set","ast-page-background-enabled":"default","ast-page-background-meta":{"desktop":{"background-color":"","background-image":"","background-repeat":"repeat","background-position":"center center","background-size":"auto","background-attachment":"scroll","background-type":"","background-media":"","overlay-type":"","overlay-color":"","overlay-opacity":"","overlay-gradient":""},"tablet":{"background-color":"","background-image":"","background-repeat":"repeat","background-position":"center center","background-size":"auto","background-attachment":"scroll","background-type":"","background-media":"","overlay-type":"","overlay-color":"","overlay-opacity":"","overlay-gradient":""},"mobile":{"background-color":"","background-image":"","background-repeat":"repeat","background-position":"center center","background-size":"auto","background-attachment":"scroll","background-type":"","background-media":"","overlay-type":"","overlay-color":"","overlay-opacity":"","overlay-gradient":""}},"ast-content-background-meta":{"desktop":{"background-color":"var(--ast-global-color-5)","background-image":"","background-repeat":"repeat","background-position":"center center","background-size":"auto","background-attachment":"scroll","background-type":"","background-media":"","overlay-type":"","overlay-color":"","overlay-opacity":"","overlay-gradient":""},"tablet":{"background-color":"var(--ast-global-color-5)","background-image":"","background-repeat":"repeat","background-position":"center center","background-size":"auto","background-attachment":"scroll","background-type":"","background-media":"","overlay-type":"","overlay-color":"","overlay-opacity":"","overlay-gradient":""},"mobile":{"background-color":"var(--ast-global-color-5)","background-image":"","background-repeat":"repeat","background-position":"center center","background-size":"auto","background-attachment":"scroll","background-type":"","background-media":"","overlay-type":"","overlay-color":"","overlay-opacity":"","overlay-gradient":""}},"footnotes":""},"class_list":["post-11","page","type-page","status-publish","hentry"],"acf":[],"yoast_head":"<!-- This site is optimized with the Yoast SEO plugin v27.5 - https:\/\/yoast.com\/product\/yoast-seo-wordpress\/ -->\n<title>About Us - Rax Industry<\/title>\n<meta name=\"description\" content=\"RAX Industry is the leading manufacturer of pole line hardware, street light arms, transmission line clamps, suspension clamps, and ADSS\/OPGW accessories in China.\" \/>\n<meta name=\"robots\" content=\"index, follow, max-snippet:-1, max-image-preview:large, max-video-preview:-1\" \/>\n<link rel=\"canonical\" href=\"https:\/\/www.hbjinyong.com\/tr\/about-us\/\" \/>\n<meta property=\"og:locale\" content=\"tr_TR\" \/>\n<meta property=\"og:type\" content=\"article\" \/>\n<meta property=\"og:title\" content=\"About Us - Rax Industry\" \/>\n<meta property=\"og:description\" content=\"RAX Industry is the leading manufacturer of pole line hardware, street light arms, transmission line clamps, suspension clamps, and ADSS\/OPGW accessories in China.\" \/>\n<meta property=\"og:url\" content=\"https:\/\/www.hbjinyong.com\/tr\/about-us\/\" \/>\n<meta property=\"og:site_name\" content=\"Rax Industry\" \/>\n<meta property=\"article:modified_time\" content=\"2024-12-11T03:31:28+00:00\" \/>\n<meta name=\"twitter:card\" content=\"summary_large_image\" \/>\n<meta name=\"twitter:label1\" content=\"Tahmini okuma s\u00fcresi\" \/>\n\t<meta name=\"twitter:data1\" content=\"5 dakika\" \/>\n<script type=\"application\/ld+json\" class=\"yoast-schema-graph\">{\"@context\":\"https:\\\/\\\/schema.org\",\"@graph\":[{\"@type\":\"WebPage\",\"@id\":\"https:\\\/\\\/www.hbjinyong.com\\\/about-us\\\/\",\"url\":\"https:\\\/\\\/www.hbjinyong.com\\\/about-us\\\/\",\"name\":\"About Us - Rax Industry\",\"isPartOf\":{\"@id\":\"https:\\\/\\\/www.hbjinyong.com\\\/#website\"},\"datePublished\":\"2018-05-04T11:57:34+00:00\",\"dateModified\":\"2024-12-11T03:31:28+00:00\",\"description\":\"RAX Industry is the leading manufacturer of pole line hardware, street light arms, transmission line clamps, suspension clamps, and ADSS\\\/OPGW accessories in China.\",\"breadcrumb\":{\"@id\":\"https:\\\/\\\/www.hbjinyong.com\\\/about-us\\\/#breadcrumb\"},\"inLanguage\":\"tr\",\"potentialAction\":[{\"@type\":\"ReadAction\",\"target\":[\"https:\\\/\\\/www.hbjinyong.com\\\/about-us\\\/\"]}]},{\"@type\":\"BreadcrumbList\",\"@id\":\"https:\\\/\\\/www.hbjinyong.com\\\/about-us\\\/#breadcrumb\",\"itemListElement\":[{\"@type\":\"ListItem\",\"position\":1,\"name\":\"Home\",\"item\":\"https:\\\/\\\/www.hbjinyong.com\\\/\"},{\"@type\":\"ListItem\",\"position\":2,\"name\":\"About Us\"}]},{\"@type\":\"WebSite\",\"@id\":\"https:\\\/\\\/www.hbjinyong.com\\\/#website\",\"url\":\"https:\\\/\\\/www.hbjinyong.com\\\/\",\"name\":\"Rax Industry\",\"description\":\"\",\"publisher\":{\"@id\":\"https:\\\/\\\/www.hbjinyong.com\\\/#organization\"},\"potentialAction\":[{\"@type\":\"SearchAction\",\"target\":{\"@type\":\"EntryPoint\",\"urlTemplate\":\"https:\\\/\\\/www.hbjinyong.com\\\/?s={search_term_string}\"},\"query-input\":{\"@type\":\"PropertyValueSpecification\",\"valueRequired\":true,\"valueName\":\"search_term_string\"}}],\"inLanguage\":\"tr\"},{\"@type\":\"Organization\",\"@id\":\"https:\\\/\\\/www.hbjinyong.com\\\/#organization\",\"name\":\"Jingyoung\",\"url\":\"https:\\\/\\\/www.hbjinyong.com\\\/\",\"logo\":{\"@type\":\"ImageObject\",\"inLanguage\":\"tr\",\"@id\":\"https:\\\/\\\/www.hbjinyong.com\\\/#\\\/schema\\\/logo\\\/image\\\/\",\"url\":\"\",\"contentUrl\":\"\",\"caption\":\"Jingyoung\"},\"image\":{\"@id\":\"https:\\\/\\\/www.hbjinyong.com\\\/#\\\/schema\\\/logo\\\/image\\\/\"}}]}<\/script>\n<!-- \/ Yoast SEO plugin. -->","yoast_head_json":{"title":"Hakk\u0131m\u0131zda - Rax Industry","description":"RAX Industry, \u00c7in&#039;de direk hatt\u0131 donan\u0131m\u0131, sokak lambas\u0131 kollar\u0131, iletim hatt\u0131 kelep\u00e7eleri, ask\u0131 kelep\u00e7eleri ve ADSS\/OPGW aksesuarlar\u0131n\u0131n lider \u00fcreticisidir.","robots":{"index":"index","follow":"follow","max-snippet":"max-snippet:-1","max-image-preview":"max-image-preview:large","max-video-preview":"max-video-preview:-1"},"canonical":"https:\/\/www.hbjinyong.com\/tr\/about-us\/","og_locale":"tr_TR","og_type":"article","og_title":"About Us - Rax Industry","og_description":"RAX Industry is the leading manufacturer of pole line hardware, street light arms, transmission line clamps, suspension clamps, and ADSS\/OPGW accessories in China.","og_url":"https:\/\/www.hbjinyong.com\/tr\/about-us\/","og_site_name":"Rax Industry","article_modified_time":"2024-12-11T03:31:28+00:00","twitter_card":"summary_large_image","twitter_misc":{"Tahmini okuma s\u00fcresi":"5 dakika"},"schema":{"@context":"https:\/\/schema.org","@graph":[{"@type":"WebPage","@id":"https:\/\/www.hbjinyong.com\/about-us\/","url":"https:\/\/www.hbjinyong.com\/about-us\/","name":"Hakk\u0131m\u0131zda - Rax Industry","isPartOf":{"@id":"https:\/\/www.hbjinyong.com\/#website"},"datePublished":"2018-05-04T11:57:34+00:00","dateModified":"2024-12-11T03:31:28+00:00","description":"RAX Industry, \u00c7in&#039;de direk hatt\u0131 donan\u0131m\u0131, sokak lambas\u0131 kollar\u0131, iletim hatt\u0131 kelep\u00e7eleri, ask\u0131 kelep\u00e7eleri ve ADSS\/OPGW aksesuarlar\u0131n\u0131n lider \u00fcreticisidir.","breadcrumb":{"@id":"https:\/\/www.hbjinyong.com\/about-us\/#breadcrumb"},"inLanguage":"tr","potentialAction":[{"@type":"ReadAction","target":["https:\/\/www.hbjinyong.com\/about-us\/"]}]},{"@type":"BreadcrumbList","@id":"https:\/\/www.hbjinyong.com\/about-us\/#breadcrumb","itemListElement":[{"@type":"ListItem","position":1,"name":"Home","item":"https:\/\/www.hbjinyong.com\/"},{"@type":"ListItem","position":2,"name":"About Us"}]},{"@type":"WebSite","@id":"https:\/\/www.hbjinyong.com\/#website","url":"https:\/\/www.hbjinyong.com\/","name":"Rax Industry","description":"","publisher":{"@id":"https:\/\/www.hbjinyong.com\/#organization"},"potentialAction":[{"@type":"SearchAction","target":{"@type":"EntryPoint","urlTemplate":"https:\/\/www.hbjinyong.com\/?s={search_term_string}"},"query-input":{"@type":"PropertyValueSpecification","valueRequired":true,"valueName":"search_term_string"}}],"inLanguage":"tr"},{"@type":"Organization","@id":"https:\/\/www.hbjinyong.com\/#organization","name":"Jingyoung","url":"https:\/\/www.hbjinyong.com\/","logo":{"@type":"ImageObject","inLanguage":"tr","@id":"https:\/\/www.hbjinyong.com\/#\/schema\/logo\/image\/","url":"","contentUrl":"","caption":"Jingyoung"},"image":{"@id":"https:\/\/www.hbjinyong.com\/#\/schema\/logo\/image\/"}}]}},"_links":{"self":[{"href":"https:\/\/www.hbjinyong.com\/tr\/wp-json\/wp\/v2\/pages\/11","targetHints":{"allow":["GET"]}}],"collection":[{"href":"https:\/\/www.hbjinyong.com\/tr\/wp-json\/wp\/v2\/pages"}],"about":[{"href":"https:\/\/www.hbjinyong.com\/tr\/wp-json\/wp\/v2\/types\/page"}],"author":[{"embeddable":true,"href":"https:\/\/www.hbjinyong.com\/tr\/wp-json\/wp\/v2\/users\/1"}],"replies":[{"embeddable":true,"href":"https:\/\/www.hbjinyong.com\/tr\/wp-json\/wp\/v2\/comments?post=11"}],"version-history":[{"count":0,"href":"https:\/\/www.hbjinyong.com\/tr\/wp-json\/wp\/v2\/pages\/11\/revisions"}],"wp:attachment":[{"href":"https:\/\/www.hbjinyong.com\/tr\/wp-json\/wp\/v2\/media?parent=11"}],"curies":[{"name":"wp","href":"https:\/\/api.w.org\/{rel}","templated":true}]}}